{"id":6655,"date":"2026-02-23T19:09:17","date_gmt":"2026-02-23T19:09:17","guid":{"rendered":"https:\/\/www.ampservices.fi\/?page_id=6655"},"modified":"2026-02-26T10:08:44","modified_gmt":"2026-02-26T10:08:44","slug":"lehdistotiedote","status":"publish","type":"page","link":"https:\/\/www.ampservices.fi\/fi\/teollisuusyritykset\/lehdistotiedote\/","title":{"rendered":"Lehdist\u00f6tiedote"},"content":{"rendered":"\t\t<div data-elementor-type=\"wp-page\" data-elementor-id=\"6655\" class=\"elementor elementor-6655 elementor-6569\" data-elementor-post-type=\"page\">\n\t\t\t\t\t\t<section data-particle_enable=\"false\" data-particle-mobile-disabled=\"false\" class=\"elementor-section elementor-top-section elementor-element elementor-element-935d30d elementor-section-full_width elementor-section-height-min-height elementor-section-height-default elementor-section-items-middle\" data-id=\"935d30d\" data-element_type=\"section\" data-e-type=\"section\" data-settings=\"{&quot;background_background&quot;:&quot;classic&quot;}\">\n\t\t\t\t\t\t<div class=\"elementor-container elementor-column-gap-default\">\n\t\t\t\t\t<div class=\"elementor-column elementor-col-100 elementor-top-column elementor-element elementor-element-1d36be1\" data-id=\"1d36be1\" data-element_type=\"column\" data-e-type=\"column\">\n\t\t\t<div class=\"elementor-widget-wrap\">\n\t\t\t\t\t\t\t<\/div>\n\t\t<\/div>\n\t\t\t\t\t<\/div>\n\t\t<\/section>\n\t\t\t\t<section data-particle_enable=\"false\" data-particle-mobile-disabled=\"false\" class=\"elementor-section elementor-top-section elementor-element elementor-element-32003da elementor-section-boxed elementor-section-height-default elementor-section-height-default\" data-id=\"32003da\" data-element_type=\"section\" data-e-type=\"section\">\n\t\t\t\t\t\t<div class=\"elementor-container elementor-column-gap-default\">\n\t\t\t\t\t<div class=\"elementor-column elementor-col-100 elementor-top-column elementor-element elementor-element-f31db03\" data-id=\"f31db03\" data-element_type=\"column\" data-e-type=\"column\">\n\t\t\t<div class=\"elementor-widget-wrap elementor-element-populated\">\n\t\t\t\t\t\t<div class=\"elementor-element elementor-element-266bc92 elementor-widget elementor-widget-spacer\" data-id=\"266bc92\" data-element_type=\"widget\" data-e-type=\"widget\" data-widget_type=\"spacer.default\">\n\t\t\t\t<div class=\"elementor-widget-container\">\n\t\t\t\t\t\t\t<div class=\"elementor-spacer\">\n\t\t\t<div class=\"elementor-spacer-inner\"><\/div>\n\t\t<\/div>\n\t\t\t\t\t\t<\/div>\n\t\t\t\t<\/div>\n\t\t\t\t\t<\/div>\n\t\t<\/div>\n\t\t\t\t\t<\/div>\n\t\t<\/section>\n\t\t\t\t<section data-particle_enable=\"false\" data-particle-mobile-disabled=\"false\" class=\"elementor-section elementor-top-section elementor-element elementor-element-d112705 elementor-section-boxed elementor-section-height-default elementor-section-height-default\" data-id=\"d112705\" data-element_type=\"section\" data-e-type=\"section\">\n\t\t\t\t\t\t<div class=\"elementor-container elementor-column-gap-default\">\n\t\t\t\t\t<div class=\"elementor-column elementor-col-50 elementor-top-column elementor-element elementor-element-e423281\" data-id=\"e423281\" data-element_type=\"column\" data-e-type=\"column\">\n\t\t\t<div class=\"elementor-widget-wrap elementor-element-populated\">\n\t\t\t\t\t\t<div class=\"elementor-element elementor-element-d4af1a2 elementor-widget elementor-widget-heading\" data-id=\"d4af1a2\" data-element_type=\"widget\" data-e-type=\"widget\" data-widget_type=\"heading.default\">\n\t\t\t\t<div class=\"elementor-widget-container\">\n\t\t\t\t\t<h1 class=\"elementor-heading-title elementor-size-default\">Lehdist\u00f6tiedote yrityskaupasta 27.2.2026<\/h1>\t\t\t\t<\/div>\n\t\t\t\t<\/div>\n\t\t\t\t\t<\/div>\n\t\t<\/div>\n\t\t\t\t<div class=\"elementor-column elementor-col-50 elementor-top-column elementor-element elementor-element-983b293\" data-id=\"983b293\" data-element_type=\"column\" data-e-type=\"column\">\n\t\t\t<div class=\"elementor-widget-wrap elementor-element-populated\">\n\t\t\t\t\t\t<div class=\"elementor-element elementor-element-925b7c3 elementor-widget elementor-widget-heading\" data-id=\"925b7c3\" data-element_type=\"widget\" data-e-type=\"widget\" data-widget_type=\"heading.default\">\n\t\t\t\t<div class=\"elementor-widget-container\">\n\t\t\t\t\t<h1 class=\"elementor-heading-title elementor-size-default\">AMP Services ostaa Uudenkaarlepyyn Saneerauspalvelun uudessa suursatsauksessa<\/h1>\t\t\t\t<\/div>\n\t\t\t\t<\/div>\n\t\t\t\t<div class=\"elementor-element elementor-element-fd5af23 elementor-widget elementor-widget-text-editor\" data-id=\"fd5af23\" data-element_type=\"widget\" data-e-type=\"widget\" data-widget_type=\"text-editor.default\">\n\t\t\t\t<div class=\"elementor-widget-container\">\n\t\t\t\t\t\t\t\t\t<p>AMP Services Ab Oy ottaa seuraavan askeleen kasvupolullaan ja vahvistaa asemaansa teollisuuden kunnossapidon alalla ostamalla Uudenkaarlepyyn Saneerauspalvelun liiketoiminnan. Yrityskauppa on strateginen askel AMP:n pitk\u00e4j\u00e4nteisess\u00e4 panostuksessa tarjota Pohjanmaan kattavin ja luotettavin teollisuuden kunnossapitopalvelujen kokonaisuus.<br \/><br \/>Luotolainen AMP Services tarjoaa kunnossapitopalveluja sek\u00e4 teollisuusyrityksille, yksityishenkil\u00f6ille ett\u00e4 is\u00e4nn\u00f6itsij\u00f6ille, muun muassa h\u00f6yrytyksen, suurtehoimuroinnin ja teollisuussaneerauksen parissa. AMP Services on pitk\u00e4n kokemuksen ja laajan konekannan ansiosta vakiinnuttanut asemansa luotettavana yhteisty\u00f6kumppanina asiakkaille, jotka arvostavat korkeaa laatua ja nopeita vasteaikoja. Yritys toteuttaa s\u00e4\u00e4nn\u00f6llisesti toimeksiantoja eri puolilla Suomea \u2013 voimalaitoksista ja satamista rakennushankkeisiin, rautateille ja tuulivoimaloihin.<br \/><br \/>Nyt AMP Services ottaa seuraavan askeleen laajentumisessaan ostamalla Uudenkaarlepyyn Saneerauspalvelun liiketoiminnan. Uudenkaarlepyyn Saneerauspalvelu on vakiintunut saneerausalan yritys, joka on toiminut alueella jo vuodesta 1994 l\u00e4htien. Kauppa toteutuu virallisesti maaliskuun alussa. Yritys, jolla on nelj\u00e4 ty\u00f6ntekij\u00e4\u00e4 ja useita erikoisvarusteltuja ajoneuvoja, tarjoaa muun muassa suurtehoimurointia, korkeapainepesua, putkistojen kuvausta sek\u00e4 teollisuuden ja kiinteist\u00f6jen saneerauspalveluja.<br \/><br \/>AMP Services ottaa yrityskaupan my\u00f6t\u00e4 haltuunsa sek\u00e4 ajoneuvot, kaluston ett\u00e4 henkil\u00f6st\u00f6n, jotka jatkossa integroidaan osaksi AMP:n organisaatiota. Kaupan ansiosta yrityksen palveluvalikoima laajenee entisest\u00e4\u00e4n \u2013 etenkin m\u00e4rk\u00e4imuroinnin osalta, josta tulee uusi strateginen t\u00e4ydennys yrityksen jo vahvoihin teollisuuden kunnossapitopalveluihin. Samalla AMP Services jatkaa vakiintuneiden palvelujensa tarjoamista yksityishenkil\u00f6ille, mukaan lukien kattojen pesua ja maalausta, joissa n\u00e4hd\u00e4\u00e4n my\u00f6s jatkossa kasvumahdollisuuksia.<br \/><br \/>\u2013 AMP:ll\u00e4 on perustamisestaan l\u00e4htien ollut selke\u00e4 tavoite: tarjota teollisuudelle tehokkaita ja luotettavia kunnossapitopalveluja. T\u00e4m\u00e4 yritysosto on luonnollinen askel t\u00e4ss\u00e4 kehityksess\u00e4. Kun otamme Uudenkaarlepyyn Saneerauspalvelun ja heid\u00e4n osaamisensa osaksi toimintaamme, vahvistamme sek\u00e4 kapasiteettiamme ett\u00e4 palvelutarjontaamme. Rakennamme nyt entist\u00e4 laajempaa teollisuuden kunnossapitopalvelujen kokonaisuutta, sill\u00e4 haluamme olla Pohjanmaan vahvin ja luotettavin toimija, kertoo Glenn Snellman, AMP Services -yrityksen toimitusjohtaja.<br \/><br \/>AMP Services on viime vuosina toteuttanut useita strategisia panostuksia ja yritysostoja muun muassa mahdollistaakseen uusia palveluja, kuten Heatworkilla teht\u00e4v\u00e4n roudansulatuksen. Yritys rakentaa parhaillaan Luotoon uutta hallia pitk\u00e4j\u00e4nteisen\u00e4 tulevaisuuden investointina. Uudet, modernit teollisuustilat ja henkil\u00f6st\u00f6n toimivat sosiaalitilat ovat investointi, joka vahvistaa liiketoimintaa, parantaa ty\u00f6ymp\u00e4rist\u00f6\u00e4 sek\u00e4 luo hyv\u00e4t edellytykset jatkuvalle kehitykselle ja kasvulle. Yhdess\u00e4 n\u00e4m\u00e4 investoinnit muodostavat selke\u00e4n osan yrityksen pitk\u00e4n aikav\u00e4lin kasvustrategiaa, jossa painopiste on teknisen osaamisen, modernin kaluston ja korkean toimitusvarmuuden yhdist\u00e4misess\u00e4.<br \/><br \/>\u2013 Odotan innolla uusia haasteita, mutta tuen samalla siirtym\u00e4prosessia seuraavien kuuden kuukauden ajan. On ilo luovuttaa toiminta uusille voimille, ja olen vakuuttunut, ett\u00e4 AMP:ll\u00e4 on kaikki edellytykset jatkaa kasvuaan ja kehittymist\u00e4\u00e4n, sanoo Mikael Knuts, Uudenkaarlepyyn Saneerauspalvelun toimitusjohtaja.<br \/><br \/>\u2013 T\u00e4m\u00e4 ei ole yksitt\u00e4inen panostus, vaan osa suurempaa kokonaisuutta. Uskomme tulevaisuuteen ja n\u00e4emme selke\u00e4\u00e4 kysynt\u00e4\u00e4 p\u00e4teville teollisuuden kunnossapitopalveluille t\u00e4ll\u00e4 seudulla ja my\u00f6s laajemmalla alueella. Sek\u00e4 uuden liiketoiminnan hankinta ett\u00e4 Luodon teollisuushalli osoittavat, ett\u00e4 luotamme vahvasti alueen kasvuun ja kehitykseen. Kun meill\u00e4 on Mikael Knutsin vankka kokemus ja asiantuntemus tukenamme, saamme vahvan kokonaisuuden, joka nostaa palvelumme laatua entisest\u00e4\u00e4n, kertoo Glenn Snellman.<\/p><p><strong>Lis\u00e4tietoa:<\/strong><br \/>Glenn Snellman<br \/>Toimitusjohtaja, AMP Services Ab Oy<br \/>+358 50 408 6286<br \/>glenn.snellman@ampservices.fi<\/p>\t\t\t\t\t\t\t\t<\/div>\n\t\t\t\t<\/div>\n\t\t\t\t\t<\/div>\n\t\t<\/div>\n\t\t\t\t\t<\/div>\n\t\t<\/section>\n\t\t\t\t<section data-particle_enable=\"false\" data-particle-mobile-disabled=\"false\" class=\"elementor-section elementor-top-section elementor-element elementor-element-e7fad21 elementor-section-boxed elementor-section-height-default elementor-section-height-default\" data-id=\"e7fad21\" data-element_type=\"section\" data-e-type=\"section\">\n\t\t\t\t\t\t<div class=\"elementor-container elementor-column-gap-default\">\n\t\t\t\t\t<div class=\"elementor-column elementor-col-100 elementor-top-column elementor-element elementor-element-1b8e962\" data-id=\"1b8e962\" data-element_type=\"column\" data-e-type=\"column\">\n\t\t\t<div class=\"elementor-widget-wrap elementor-element-populated\">\n\t\t\t\t\t\t<div class=\"elementor-element elementor-element-9b9042c elementor-widget elementor-widget-spacer\" data-id=\"9b9042c\" data-element_type=\"widget\" data-e-type=\"widget\" data-widget_type=\"spacer.default\">\n\t\t\t\t<div class=\"elementor-widget-container\">\n\t\t\t\t\t\t\t<div class=\"elementor-spacer\">\n\t\t\t<div class=\"elementor-spacer-inner\"><\/div>\n\t\t<\/div>\n\t\t\t\t\t\t<\/div>\n\t\t\t\t<\/div>\n\t\t\t\t<section data-particle_enable=\"false\" data-particle-mobile-disabled=\"false\" class=\"elementor-section elementor-inner-section elementor-element elementor-element-406c454 elementor-section-boxed elementor-section-height-default elementor-section-height-default\" data-id=\"406c454\" data-element_type=\"section\" data-e-type=\"section\">\n\t\t\t\t\t\t<div class=\"elementor-container elementor-column-gap-default\">\n\t\t\t\t\t<div class=\"elementor-column elementor-col-33 elementor-inner-column elementor-element elementor-element-b23ee44\" data-id=\"b23ee44\" data-element_type=\"column\" data-e-type=\"column\">\n\t\t\t<div class=\"elementor-widget-wrap elementor-element-populated\">\n\t\t\t\t\t\t<div class=\"elementor-element elementor-element-8986a10 elementor-widget elementor-widget-image\" data-id=\"8986a10\" data-element_type=\"widget\" data-e-type=\"widget\" data-widget_type=\"image.default\">\n\t\t\t\t<div class=\"elementor-widget-container\">\n\t\t\t\t\t\t\t\t\t\t\t\t\t\t\t<img fetchpriority=\"high\" decoding=\"async\" width=\"900\" height=\"884\" src=\"https:\/\/www.ampservices.fi\/wp-content\/uploads\/2026\/02\/pressmeddelande-thumb-1-new-1024x1006.jpg\" class=\"attachment-large size-large wp-image-6669\" alt=\"\" srcset=\"https:\/\/www.ampservices.fi\/wp-content\/uploads\/2026\/02\/pressmeddelande-thumb-1-new-1024x1006.jpg 1024w, https:\/\/www.ampservices.fi\/wp-content\/uploads\/2026\/02\/pressmeddelande-thumb-1-new-300x295.jpg 300w, https:\/\/www.ampservices.fi\/wp-content\/uploads\/2026\/02\/pressmeddelande-thumb-1-new-768x755.jpg 768w, https:\/\/www.ampservices.fi\/wp-content\/uploads\/2026\/02\/pressmeddelande-thumb-1-new.jpg 1100w\" sizes=\"(max-width: 900px) 100vw, 900px\" \/>\t\t\t\t\t\t\t\t\t\t\t\t\t\t\t<\/div>\n\t\t\t\t<\/div>\n\t\t\t\t\t<\/div>\n\t\t<\/div>\n\t\t\t\t<div class=\"elementor-column elementor-col-33 elementor-inner-column elementor-element elementor-element-30eeb99\" data-id=\"30eeb99\" data-element_type=\"column\" data-e-type=\"column\">\n\t\t\t<div class=\"elementor-widget-wrap elementor-element-populated\">\n\t\t\t\t\t\t<div class=\"elementor-element elementor-element-255a02f elementor-widget elementor-widget-image\" data-id=\"255a02f\" data-element_type=\"widget\" data-e-type=\"widget\" data-widget_type=\"image.default\">\n\t\t\t\t<div class=\"elementor-widget-container\">\n\t\t\t\t\t\t\t\t\t\t\t\t\t\t\t<img decoding=\"async\" width=\"900\" height=\"900\" src=\"https:\/\/www.ampservices.fi\/wp-content\/uploads\/2026\/02\/pressmeddelande-thumb-2-new-1024x1024.jpg\" class=\"attachment-large size-large wp-image-6702\" alt=\"\" srcset=\"https:\/\/www.ampservices.fi\/wp-content\/uploads\/2026\/02\/pressmeddelande-thumb-2-new-1024x1024.jpg 1024w, https:\/\/www.ampservices.fi\/wp-content\/uploads\/2026\/02\/pressmeddelande-thumb-2-new-300x300.jpg 300w, https:\/\/www.ampservices.fi\/wp-content\/uploads\/2026\/02\/pressmeddelande-thumb-2-new-150x150.jpg 150w, https:\/\/www.ampservices.fi\/wp-content\/uploads\/2026\/02\/pressmeddelande-thumb-2-new-768x768.jpg 768w, https:\/\/www.ampservices.fi\/wp-content\/uploads\/2026\/02\/pressmeddelande-thumb-2-new.jpg 1100w\" sizes=\"(max-width: 900px) 100vw, 900px\" \/>\t\t\t\t\t\t\t\t\t\t\t\t\t\t\t<\/div>\n\t\t\t\t<\/div>\n\t\t\t\t\t<\/div>\n\t\t<\/div>\n\t\t\t\t<div class=\"elementor-column elementor-col-33 elementor-inner-column elementor-element elementor-element-65d2a90\" data-id=\"65d2a90\" data-element_type=\"column\" data-e-type=\"column\">\n\t\t\t<div class=\"elementor-widget-wrap elementor-element-populated\">\n\t\t\t\t\t\t<div class=\"elementor-element elementor-element-9ad18e9 elementor-widget elementor-widget-image\" data-id=\"9ad18e9\" data-element_type=\"widget\" data-e-type=\"widget\" data-widget_type=\"image.default\">\n\t\t\t\t<div class=\"elementor-widget-container\">\n\t\t\t\t\t\t\t\t\t\t\t\t\t\t\t<img decoding=\"async\" width=\"900\" height=\"881\" src=\"https:\/\/www.ampservices.fi\/wp-content\/uploads\/2026\/02\/pressmeddelande-thumb-3-new-1024x1002.jpg\" class=\"attachment-large size-large wp-image-6705\" alt=\"\" srcset=\"https:\/\/www.ampservices.fi\/wp-content\/uploads\/2026\/02\/pressmeddelande-thumb-3-new-1024x1002.jpg 1024w, https:\/\/www.ampservices.fi\/wp-content\/uploads\/2026\/02\/pressmeddelande-thumb-3-new-300x293.jpg 300w, https:\/\/www.ampservices.fi\/wp-content\/uploads\/2026\/02\/pressmeddelande-thumb-3-new-768x751.jpg 768w, https:\/\/www.ampservices.fi\/wp-content\/uploads\/2026\/02\/pressmeddelande-thumb-3-new.jpg 1100w\" sizes=\"(max-width: 900px) 100vw, 900px\" \/>\t\t\t\t\t\t\t\t\t\t\t\t\t\t\t<\/div>\n\t\t\t\t<\/div>\n\t\t\t\t\t<\/div>\n\t\t<\/div>\n\t\t\t\t\t<\/div>\n\t\t<\/section>\n\t\t\t\t\t<\/div>\n\t\t<\/div>\n\t\t\t\t\t<\/div>\n\t\t<\/section>\n\t\t\t\t<section data-particle_enable=\"false\" data-particle-mobile-disabled=\"false\" class=\"elementor-section elementor-top-section elementor-element elementor-element-e1e6c77 elementor-section-boxed elementor-section-height-default elementor-section-height-default\" data-id=\"e1e6c77\" data-element_type=\"section\" data-e-type=\"section\">\n\t\t\t\t\t\t<div class=\"elementor-container elementor-column-gap-default\">\n\t\t\t\t\t<div class=\"elementor-column elementor-col-100 elementor-top-column elementor-element elementor-element-4af5e05\" data-id=\"4af5e05\" data-element_type=\"column\" data-e-type=\"column\">\n\t\t\t<div class=\"elementor-widget-wrap elementor-element-populated\">\n\t\t\t\t\t\t<div class=\"elementor-element elementor-element-0b65c54 elementor-widget elementor-widget-spacer\" data-id=\"0b65c54\" data-element_type=\"widget\" data-e-type=\"widget\" data-widget_type=\"spacer.default\">\n\t\t\t\t<div class=\"elementor-widget-container\">\n\t\t\t\t\t\t\t<div class=\"elementor-spacer\">\n\t\t\t<div class=\"elementor-spacer-inner\"><\/div>\n\t\t<\/div>\n\t\t\t\t\t\t<\/div>\n\t\t\t\t<\/div>\n\t\t\t\t\t<\/div>\n\t\t<\/div>\n\t\t\t\t\t<\/div>\n\t\t<\/section>\n\t\t\t\t<section data-particle_enable=\"false\" data-particle-mobile-disabled=\"false\" class=\"elementor-section elementor-top-section elementor-element elementor-element-f47326f elementor-section-boxed elementor-section-height-default elementor-section-height-default\" data-id=\"f47326f\" data-element_type=\"section\" data-e-type=\"section\">\n\t\t\t\t\t\t<div class=\"elementor-container elementor-column-gap-default\">\n\t\t\t\t\t<div class=\"elementor-column elementor-col-50 elementor-top-column elementor-element elementor-element-0f622e7\" data-id=\"0f622e7\" data-element_type=\"column\" data-e-type=\"column\">\n\t\t\t<div class=\"elementor-widget-wrap elementor-element-populated\">\n\t\t\t\t\t\t<div class=\"elementor-element elementor-element-2bf0522 elementor-widget elementor-widget-heading\" data-id=\"2bf0522\" data-element_type=\"widget\" data-e-type=\"widget\" data-widget_type=\"heading.default\">\n\t\t\t\t<div class=\"elementor-widget-container\">\n\t\t\t\t\t<h1 class=\"elementor-heading-title elementor-size-default\">Luotettavaa palvelua ymp\u00e4ri vuorokauden<\/h1>\t\t\t\t<\/div>\n\t\t\t\t<\/div>\n\t\t\t\t\t<\/div>\n\t\t<\/div>\n\t\t\t\t<div class=\"elementor-column elementor-col-50 elementor-top-column elementor-element elementor-element-3e81ce4\" data-id=\"3e81ce4\" data-element_type=\"column\" data-e-type=\"column\">\n\t\t\t<div class=\"elementor-widget-wrap elementor-element-populated\">\n\t\t\t\t\t\t<div class=\"elementor-element elementor-element-65a31e5 elementor-widget elementor-widget-text-editor\" data-id=\"65a31e5\" data-element_type=\"widget\" data-e-type=\"widget\" data-widget_type=\"text-editor.default\">\n\t\t\t\t<div class=\"elementor-widget-container\">\n\t\t\t\t\t\t\t\t\t<p>Kun tarvitset imupalvelua, johon voit luottaa, olemme t\u00e4\u00e4ll\u00e4 sinua varten oikealla osaamisella ja kalustolla. Olemme nykyaikaisten huuhtelu- ja imupalvelujen ansiosta valmiita hoitamaan sek\u00e4 pienet ett\u00e4 suuret toimeksiannot \u2013 ja saavumme aina nopeasti paikalle. Kun AMP on yhteisty\u00f6kumppaninasi, voit luottaa siihen, ett\u00e4 olemme tukenasi miss\u00e4 ja milloin tahansa.<\/p>\t\t\t\t\t\t\t\t<\/div>\n\t\t\t\t<\/div>\n\t\t\t\t<div class=\"elementor-element elementor-element-c165292 elementor-mobile-align-center elementor-widget elementor-widget-button\" data-id=\"c165292\" data-element_type=\"widget\" data-e-type=\"widget\" data-widget_type=\"button.default\">\n\t\t\t\t<div class=\"elementor-widget-container\">\n\t\t\t\t\t\t\t\t\t<div class=\"elementor-button-wrapper\">\n\t\t\t\t\t<a class=\"elementor-button elementor-button-link elementor-size-md\" href=\"https:\/\/www.ampservices.fi\/fi\/teollisuusyritykset\/yhteystiedot\/\">\n\t\t\t\t\t\t<span class=\"elementor-button-content-wrapper\">\n\t\t\t\t\t\t\t\t\t<span class=\"elementor-button-text\">Ota yhteytt\u00e4<\/span>\n\t\t\t\t\t<\/span>\n\t\t\t\t\t<\/a>\n\t\t\t\t<\/div>\n\t\t\t\t\t\t\t\t<\/div>\n\t\t\t\t<\/div>\n\t\t\t\t\t<\/div>\n\t\t<\/div>\n\t\t\t\t\t<\/div>\n\t\t<\/section>\n\t\t\t\t<section data-particle_enable=\"false\" data-particle-mobile-disabled=\"false\" class=\"elementor-section elementor-top-section elementor-element elementor-element-4eedb3a elementor-section-boxed elementor-section-height-default elementor-section-height-default\" data-id=\"4eedb3a\" data-element_type=\"section\" data-e-type=\"section\">\n\t\t\t\t\t\t<div class=\"elementor-container elementor-column-gap-default\">\n\t\t\t\t\t<div class=\"elementor-column elementor-col-100 elementor-top-column elementor-element elementor-element-7a2b54c\" data-id=\"7a2b54c\" data-element_type=\"column\" data-e-type=\"column\">\n\t\t\t<div class=\"elementor-widget-wrap elementor-element-populated\">\n\t\t\t\t\t\t<div class=\"elementor-element elementor-element-f37b178 elementor-widget elementor-widget-spacer\" data-id=\"f37b178\" data-element_type=\"widget\" data-e-type=\"widget\" data-widget_type=\"spacer.default\">\n\t\t\t\t<div class=\"elementor-widget-container\">\n\t\t\t\t\t\t\t<div class=\"elementor-spacer\">\n\t\t\t<div class=\"elementor-spacer-inner\"><\/div>\n\t\t<\/div>\n\t\t\t\t\t\t<\/div>\n\t\t\t\t<\/div>\n\t\t\t\t\t<\/div>\n\t\t<\/div>\n\t\t\t\t\t<\/div>\n\t\t<\/section>\n\t\t\t\t<section data-particle_enable=\"false\" data-particle-mobile-disabled=\"false\" class=\"elementor-section elementor-top-section elementor-element elementor-element-4c466c7 elementor-section-height-min-height elementor-section-boxed elementor-section-height-default elementor-section-items-middle\" data-id=\"4c466c7\" data-element_type=\"section\" data-e-type=\"section\" data-settings=\"{&quot;background_background&quot;:&quot;classic&quot;}\">\n\t\t\t\t\t\t<div class=\"elementor-container elementor-column-gap-default\">\n\t\t\t\t\t<div class=\"elementor-column elementor-col-100 elementor-top-column elementor-element elementor-element-cf0882f\" data-id=\"cf0882f\" data-element_type=\"column\" data-e-type=\"column\">\n\t\t\t<div class=\"elementor-widget-wrap elementor-element-populated\">\n\t\t\t\t\t\t<div class=\"elementor-element elementor-element-43f1064 elementor-widget elementor-widget-heading\" data-id=\"43f1064\" data-element_type=\"widget\" data-e-type=\"widget\" data-widget_type=\"heading.default\">\n\t\t\t\t<div class=\"elementor-widget-container\">\n\t\t\t\t\t<h1 class=\"elementor-heading-title elementor-size-default\">Tarjoamme monia palvelupaketteja n\u00e4iden lis\u00e4ksi. Ota yhteytt\u00e4, niin kerromme lis\u00e4\u00e4!<\/h1>\t\t\t\t<\/div>\n\t\t\t\t<\/div>\n\t\t\t\t\t<\/div>\n\t\t<\/div>\n\t\t\t\t\t<\/div>\n\t\t<\/section>\n\t\t\t\t<\/div>\n\t\t","protected":false},"excerpt":{"rendered":"<p>Lehdist\u00f6tiedote yrityskaupasta 27.2.2026 AMP Services ostaa Uudenkaarlepyyn Saneerauspalvelun uudessa suursatsauksessa AMP Services Ab Oy ottaa seuraavan askeleen kasvupolullaan ja vahvistaa asemaansa teollisuuden kunnossapidon alalla ostamalla Uudenkaarlepyyn Saneerauspalvelun liiketoiminnan. Yrityskauppa on strateginen askel AMP:n pitk\u00e4j\u00e4nteisess\u00e4 panostuksessa tarjota Pohjanmaan kattavin ja luotettavin teollisuuden kunnossapitopalvelujen kokonaisuus. Luotolainen AMP Services tarjoaa kunnossapitopalveluja sek\u00e4 teollisuusyrityksille, yksityishenkil\u00f6ille ett\u00e4 is\u00e4nn\u00f6itsij\u00f6ille, muun muassa &#8230; <a title=\"Lehdist\u00f6tiedote\" class=\"read-more\" href=\"https:\/\/www.ampservices.fi\/fi\/teollisuusyritykset\/lehdistotiedote\/\" aria-label=\"Lue lis\u00e4\u00e4 aiheesta Lehdist\u00f6tiedote\">Lue lis\u00e4\u00e4<\/a><\/p>\n","protected":false},"author":1,"featured_media":0,"parent":5406,"menu_order":0,"comment_status":"closed","ping_status":"closed","template":"elementor_header_footer","meta":{"footnotes":""},"class_list":["post-6655","page","type-page","status-publish"],"_links":{"self":[{"href":"https:\/\/www.ampservices.fi\/fi\/wp-json\/wp\/v2\/pages\/6655","targetHints":{"allow":["GET"]}}],"collection":[{"href":"https:\/\/www.ampservices.fi\/fi\/wp-json\/wp\/v2\/pages"}],"about":[{"href":"https:\/\/www.ampservices.fi\/fi\/wp-json\/wp\/v2\/types\/page"}],"author":[{"embeddable":true,"href":"https:\/\/www.ampservices.fi\/fi\/wp-json\/wp\/v2\/users\/1"}],"replies":[{"embeddable":true,"href":"https:\/\/www.ampservices.fi\/fi\/wp-json\/wp\/v2\/comments?post=6655"}],"version-history":[{"count":6,"href":"https:\/\/www.ampservices.fi\/fi\/wp-json\/wp\/v2\/pages\/6655\/revisions"}],"predecessor-version":[{"id":6716,"href":"https:\/\/www.ampservices.fi\/fi\/wp-json\/wp\/v2\/pages\/6655\/revisions\/6716"}],"up":[{"embeddable":true,"href":"https:\/\/www.ampservices.fi\/fi\/wp-json\/wp\/v2\/pages\/5406"}],"wp:attachment":[{"href":"https:\/\/www.ampservices.fi\/fi\/wp-json\/wp\/v2\/media?parent=6655"}],"curies":[{"name":"wp","href":"https:\/\/api.w.org\/{rel}","templated":true}]}}