{"id":6495,"date":"2025-10-31T08:19:28","date_gmt":"2025-10-31T08:19:28","guid":{"rendered":"https:\/\/www.ampservices.fi\/?page_id=6495"},"modified":"2025-10-31T08:19:28","modified_gmt":"2025-10-31T08:19:28","slug":"rekisteri-ja-tietosuojaseloste","status":"publish","type":"page","link":"https:\/\/www.ampservices.fi\/fi\/yksityishenkilot\/yhteystiedot\/rekisteri-ja-tietosuojaseloste\/","title":{"rendered":"Rekisteri- ja tietosuojaseloste"},"content":{"rendered":"\t\t<div data-elementor-type=\"wp-page\" data-elementor-id=\"6495\" class=\"elementor elementor-6495\" data-elementor-post-type=\"page\">\n\t\t\t\t\t\t<section data-particle_enable=\"false\" data-particle-mobile-disabled=\"false\" class=\"elementor-section elementor-top-section elementor-element elementor-element-1a87ba1 elementor-section-full_width elementor-section-height-min-height elementor-section-height-default elementor-section-items-middle\" data-id=\"1a87ba1\" data-element_type=\"section\" data-e-type=\"section\" data-settings=\"{&quot;background_background&quot;:&quot;classic&quot;}\">\n\t\t\t\t\t\t<div class=\"elementor-container elementor-column-gap-default\">\n\t\t\t\t\t<div class=\"elementor-column elementor-col-100 elementor-top-column elementor-element elementor-element-bca9556\" data-id=\"bca9556\" data-element_type=\"column\" data-e-type=\"column\">\n\t\t\t<div class=\"elementor-widget-wrap elementor-element-populated\">\n\t\t\t\t\t\t\t<\/div>\n\t\t<\/div>\n\t\t\t\t\t<\/div>\n\t\t<\/section>\n\t\t\t\t<section data-particle_enable=\"false\" data-particle-mobile-disabled=\"false\" class=\"elementor-section elementor-top-section elementor-element elementor-element-ec3fdc6 elementor-section-boxed elementor-section-height-default elementor-section-height-default\" data-id=\"ec3fdc6\" data-element_type=\"section\" data-e-type=\"section\">\n\t\t\t\t\t\t<div class=\"elementor-container elementor-column-gap-default\">\n\t\t\t\t\t<div class=\"elementor-column elementor-col-100 elementor-top-column elementor-element elementor-element-ba07ae4\" data-id=\"ba07ae4\" data-element_type=\"column\" data-e-type=\"column\">\n\t\t\t<div class=\"elementor-widget-wrap elementor-element-populated\">\n\t\t\t\t\t\t<div class=\"elementor-element elementor-element-7ac687d elementor-widget elementor-widget-spacer\" data-id=\"7ac687d\" data-element_type=\"widget\" data-e-type=\"widget\" data-widget_type=\"spacer.default\">\n\t\t\t\t<div class=\"elementor-widget-container\">\n\t\t\t\t\t\t\t<div class=\"elementor-spacer\">\n\t\t\t<div class=\"elementor-spacer-inner\"><\/div>\n\t\t<\/div>\n\t\t\t\t\t\t<\/div>\n\t\t\t\t<\/div>\n\t\t\t\t<div class=\"elementor-element elementor-element-d1f22bf elementor-widget elementor-widget-heading\" data-id=\"d1f22bf\" data-element_type=\"widget\" data-e-type=\"widget\" data-widget_type=\"heading.default\">\n\t\t\t\t<div class=\"elementor-widget-container\">\n\t\t\t\t\t<h1 class=\"elementor-heading-title elementor-size-default\">Rekisteri- ja tietosuojaseloste<\/h1>\t\t\t\t<\/div>\n\t\t\t\t<\/div>\n\t\t\t\t<div class=\"elementor-element elementor-element-73be099 elementor-widget elementor-widget-text-editor\" data-id=\"73be099\" data-element_type=\"widget\" data-e-type=\"widget\" data-widget_type=\"text-editor.default\">\n\t\t\t\t<div class=\"elementor-widget-container\">\n\t\t\t\t\t\t\t\t\t<p>T\u00e4m\u00e4 on AMP Services Ab Oy (AMP) henkil\u00f6tietolain (kohdat 1O ja 24) ja EU:n yleisen tietosuoja-asetuksen (GDPR) rekisteri- ja tietosuojalaki.<br \/>P\u00e4ivitetty 31.10.2025.<\/p><p><strong>1. Rekisterinpit\u00e4j\u00e4<\/strong><\/p><p>AMP Services Ab Oy, Lepp\u00e4tie 1, FI-68560 Eugmo, FINLAND<\/p><p><strong>2. Rekisterin yhteyshenkil\u00f6<\/strong><\/p><p>Glenn Snellman<br \/>info@ampservices.fi<br \/>+358 50 4086 286<\/p><p><strong>3. Rekisterin nimi<\/strong><\/p><p>AMP ja sen asiakas- ja markkinointirekisteri.<\/p><p><strong>4. Henkil\u00f6tietojen k\u00e4sittelyn tarkoitus<\/strong><\/p><p>Asiakasrekisteriss\u00e4 olevia nettisivujen henkil\u00f6tietoja k\u00e4ytet\u00e4\u00e4n asiakassuhteiden hoitamiseen ja markkinointiin. Rekisterissa olevia tietoja ei k\u00e4ytet\u00e4 automatisoituun p\u00e4\u00e4t\u00f6ksentekoon tai profilointiin.<\/p><p><strong>5. Rekisterin tietosis\u00e4lt\u00f6<\/strong><\/p><p>Rekisteriin tallennetaan seuraavat tiedot asiakkaasta:<\/p><ul><li>Nimi<\/li><li>Yhteystietoja (s\u00e4hk\u00f6posti, paikka ja puhelinnumero)<\/li><li>Muut vapaavalintaisia vaihtoehtoja lomakkeissa<\/li><li>Selaushistoria<\/li><li>IP-osoite<\/li><li>Ev\u00e4steet (Cookies, lue kohta 11.)<\/li><li>Maantieteellinen sijainti<\/li><\/ul><p><strong>6. S\u00e4\u00e4nn\u00f6nmukaiset tietol\u00e4hteet<\/strong><\/p><p>rekister\u00f6i tiedot, jotka asiakas itse antaa kun h\u00e4n t\u00e4ytt\u00e4\u00e4 yhteystietolomakkeen.<\/p><p><strong>7. Tietojen luovutus tai tietojen siirt\u00e4minen EU:n tai ETA:n ulkopuolelle<\/strong><\/p><p>Tietoja ei luovuteta sivullisille. Tietoja ei siirret\u00e4 tai luovuteta EU:n tai ETA:n ulkopuolelle.<\/p><p><strong>8. Rekisterin suojauksen periaatteet<\/strong><\/p><p>AMP nettisivulta kootut asiakkaan henkil\u00f6tiedot tallennetaan rekisterinpit\u00e4j\u00e4n tietokantaan, joka on suojattu k\u00e4ytt\u00f6j\u00e4rjestelm\u00e4n tietoturvaohjelmistolla. P\u00e4\u00e4sy k\u00e4ytt\u00f6jarjestelm\u00e4\u00e4n edellytt\u00e4\u00e4 k\u00e4ytt\u00e4j\u00e4tunnusta ja salasanaa. J\u00e4rjestelm\u00e4 on my\u00f6s suojattu palomuurein ja muilla teknisilla keinoilla. Henkil\u00f6tietoihin p\u00e4\u00e4sy on vain tietyilla etuk\u00e4teen p\u00e4\u00e4tetyilla ty\u00f6ntekij\u00f6ill\u00e4. Henkil\u00f6tiedot s\u00e4ilytet\u00e4\u00e4n fyysisesti lukollisessa paikassa.<\/p><p><strong>9. Rekister\u00f6idyn oikeudet kielt\u00e4\u00e4 tietojen k\u00e4ytt\u00f6<\/strong><\/p><p>Rekister\u00f6idyll\u00e4 henkil\u00f6ll\u00e4 on oikeus kielt\u00e4\u00e4 rekisterinpit\u00e4j\u00e4\u00e4 k\u00e4ytt\u00e4m\u00e4sta h\u00e4nta koskevia tietoja. Kielto tulee toimittaa kirjallisesti ja osoittaa henkil\u00f6lle, joka on vastuussa rekisteriin liittyvista asioista.<\/p><p><strong>10. Rekister\u00f6idyn oikeus tietojen tarkistamiseen ja oikaisemiseen<\/strong><\/p><p>Rekister\u00f6idyll\u00e4 henkil\u00f6ll\u00e4 on oikeus tarkastaa rekisteriin tallennetut h\u00e4nt\u00e4 itse\u00e4\u00e4n koskevat henkil\u00f6tiedot. Pyynt\u00f6ntarkistamisesta tulee toimittaa kirjallisesti ja osoittaa henkil\u00f6lle, joka vastaa rekisteriin liittyvist\u00e4 asioista.<\/p><p>Rekisterinpit\u00e4j\u00e4 oikaisee, poistaa tai t\u00e4ydent\u00e4\u00e4 rekister\u00f6idyn pyynn\u00f6st\u00e4 h\u00e4nen henkil\u00f6tietonsa, jotka ovat virheellisia, tarpeettomia, puutteellisia tai vanhentuneita. Rekister\u00f6idyn tulee ottaa yhteys henkil\u00f6\u00f6n, joka vastaam rekisterista muuttaakseen tietojansa.<\/p><p><strong>11. Yleist\u00e4 tietoa ev\u00e4steiden (cookies) k\u00e4yt\u00f6st\u00e4<\/strong><\/p><p>Ev\u00e4ste (cookie) on pieni tekstitiedosto, jonka internetselain tallentaa k\u00e4ytt\u00e4j\u00e4n laitteelle.<\/p><p>Osa ev\u00e4steist\u00e4 on v\u00e4ltt\u00e4m\u00e4tt\u00f6mi\u00e4 palvelun sujuvalle k\u00e4yt\u00f6lle. K\u00e4yt\u00e4mme ev\u00e4steit\u00e4 my\u00f6s parantaaksemme ymm\u00e4rryst\u00e4mme siit\u00e4, kuinka asiakkaat k\u00e4ytt\u00e4v\u00e4t sivustomme. Ker\u00e4\u00e4mme tilastollista tietoa k\u00e4vij\u00e4m\u00e4\u00e4rist\u00e4 varmistaaksemme, ett\u00e4 sivusto vastaa k\u00e4ytt\u00e4jien tarpeita. Seuraamme millaisilla laitteilla, mihin aikaan ja mit\u00e4 sis\u00e4lt\u00f6j\u00e4 asiakkaamme etsiv\u00e4t palvelusta.<\/p><p><strong>K\u00e4ytt\u00e4j\u00e4n mahdollisuudet est\u00e4\u00e4 ev\u00e4steiden k\u00e4ytt\u00f6<\/strong><\/p><p>K\u00e4ytt\u00e4j\u00e4 voi asettaa selaimestaan, mitk\u00e4 ev\u00e4steet sallitaan palvelussa. Jos toiminto kytket\u00e4\u00e4n pois, on hyv\u00e4 ottaa huomioon, ett\u00e4 ev\u00e4steet voivat olla tarpeellisia joidenkin palveluiden asianmukaiselle toimimiselle.<\/p><ul><li>Ev\u00e4steasetukset <a href=\"https:\/\/support.google.com\/chrome\/answer\/95647?co=GENIE.Platform%3DDesktop&amp;hl=fi-FI\" target=\"_blank\" rel=\"noopener\">Chrome<\/a><\/li><li>Ev\u00e4steasetukset <a href=\"https:\/\/support.mozilla.org\/fi\/kb\/poista-verkkosivujen-tietokoneellesi-tallentamia\" target=\"_blank\" rel=\"noopener\">Firefox<\/a><\/li><li>Ev\u00e4steasetukset <a href=\"https:\/\/support.microsoft.com\/fi-fi\/help\/17442\/windows-internet-explorer-delete-manage-cookies#ie\" target=\"_blank\" rel=\"noopener\">Internet Explorer<\/a><\/li><li>Ev\u00e4steasetukset <a href=\"https:\/\/support.apple.com\/fi-fi\/guide\/safari\/sfri11471\/mac\" target=\"_blank\" rel=\"noopener\">Safari<\/a><\/li><\/ul>\t\t\t\t\t\t\t\t<\/div>\n\t\t\t\t<\/div>\n\t\t\t\t<div class=\"elementor-element elementor-element-b50467a elementor-widget elementor-widget-spacer\" data-id=\"b50467a\" data-element_type=\"widget\" data-e-type=\"widget\" data-widget_type=\"spacer.default\">\n\t\t\t\t<div class=\"elementor-widget-container\">\n\t\t\t\t\t\t\t<div class=\"elementor-spacer\">\n\t\t\t<div class=\"elementor-spacer-inner\"><\/div>\n\t\t<\/div>\n\t\t\t\t\t\t<\/div>\n\t\t\t\t<\/div>\n\t\t\t\t\t<\/div>\n\t\t<\/div>\n\t\t\t\t\t<\/div>\n\t\t<\/section>\n\t\t\t\t<\/div>\n\t\t","protected":false},"excerpt":{"rendered":"<p>Rekisteri- ja tietosuojaseloste T\u00e4m\u00e4 on AMP Services Ab Oy (AMP) henkil\u00f6tietolain (kohdat 1O ja 24) ja EU:n yleisen tietosuoja-asetuksen (GDPR) rekisteri- ja tietosuojalaki.P\u00e4ivitetty 31.10.2025. 1. Rekisterinpit\u00e4j\u00e4 AMP Services Ab Oy, Lepp\u00e4tie 1, FI-68560 Eugmo, FINLAND 2. Rekisterin yhteyshenkil\u00f6 Glenn Snellmaninfo@ampservices.fi+358 50 4086 286 3. Rekisterin nimi AMP ja sen asiakas- ja markkinointirekisteri. 4. Henkil\u00f6tietojen k\u00e4sittelyn &#8230; <a title=\"Rekisteri- ja tietosuojaseloste\" class=\"read-more\" href=\"https:\/\/www.ampservices.fi\/fi\/yksityishenkilot\/yhteystiedot\/rekisteri-ja-tietosuojaseloste\/\" aria-label=\"Lue lis\u00e4\u00e4 aiheesta Rekisteri- ja tietosuojaseloste\">Lue lis\u00e4\u00e4<\/a><\/p>\n","protected":false},"author":1,"featured_media":0,"parent":5520,"menu_order":0,"comment_status":"closed","ping_status":"closed","template":"elementor_header_footer","meta":{"footnotes":""},"class_list":["post-6495","page","type-page","status-publish"],"_links":{"self":[{"href":"https:\/\/www.ampservices.fi\/fi\/wp-json\/wp\/v2\/pages\/6495","targetHints":{"allow":["GET"]}}],"collection":[{"href":"https:\/\/www.ampservices.fi\/fi\/wp-json\/wp\/v2\/pages"}],"about":[{"href":"https:\/\/www.ampservices.fi\/fi\/wp-json\/wp\/v2\/types\/page"}],"author":[{"embeddable":true,"href":"https:\/\/www.ampservices.fi\/fi\/wp-json\/wp\/v2\/users\/1"}],"replies":[{"embeddable":true,"href":"https:\/\/www.ampservices.fi\/fi\/wp-json\/wp\/v2\/comments?post=6495"}],"version-history":[{"count":0,"href":"https:\/\/www.ampservices.fi\/fi\/wp-json\/wp\/v2\/pages\/6495\/revisions"}],"up":[{"embeddable":true,"href":"https:\/\/www.ampservices.fi\/fi\/wp-json\/wp\/v2\/pages\/5520"}],"wp:attachment":[{"href":"https:\/\/www.ampservices.fi\/fi\/wp-json\/wp\/v2\/media?parent=6495"}],"curies":[{"name":"wp","href":"https:\/\/api.w.org\/{rel}","templated":true}]}}