{"id":6322,"date":"2025-09-21T18:19:56","date_gmt":"2025-09-21T18:19:56","guid":{"rendered":"https:\/\/www.ampservices.fi\/?page_id=6322"},"modified":"2025-09-21T18:19:56","modified_gmt":"2025-09-21T18:19:56","slug":"suurtehoimurointia-imuautolla-voyrin-kirkossa","status":"publish","type":"page","link":"https:\/\/www.ampservices.fi\/fi\/yksityishenkilot\/asiakastarinat\/suurtehoimurointia-imuautolla-voyrin-kirkossa\/","title":{"rendered":"Suurtehoimurointia imuautolla V\u00f6yrin kirkossa"},"content":{"rendered":"\t\t<div data-elementor-type=\"wp-page\" data-elementor-id=\"6322\" class=\"elementor elementor-6322\" data-elementor-post-type=\"page\">\n\t\t\t\t\t\t<section data-particle_enable=\"false\" data-particle-mobile-disabled=\"false\" class=\"elementor-section elementor-top-section elementor-element elementor-element-24eb507 elementor-section-full_width elementor-section-height-min-height elementor-section-height-default elementor-section-items-middle\" data-id=\"24eb507\" data-element_type=\"section\" data-e-type=\"section\" data-settings=\"{&quot;background_background&quot;:&quot;classic&quot;}\">\n\t\t\t\t\t\t<div class=\"elementor-container elementor-column-gap-default\">\n\t\t\t\t\t<div class=\"elementor-column elementor-col-100 elementor-top-column elementor-element elementor-element-ea57ee2\" data-id=\"ea57ee2\" data-element_type=\"column\" data-e-type=\"column\">\n\t\t\t<div class=\"elementor-widget-wrap elementor-element-populated\">\n\t\t\t\t\t\t<div class=\"elementor-element elementor-element-4788b31 elementor-widget elementor-widget-heading\" data-id=\"4788b31\" data-element_type=\"widget\" data-e-type=\"widget\" data-widget_type=\"heading.default\">\n\t\t\t\t<div class=\"elementor-widget-container\">\n\t\t\t\t\t<h2 class=\"elementor-heading-title elementor-size-default\">Case<\/h2>\t\t\t\t<\/div>\n\t\t\t\t<\/div>\n\t\t\t\t<div class=\"elementor-element elementor-element-781de1a elementor-widget elementor-widget-theme-post-title elementor-page-title elementor-widget-heading\" data-id=\"781de1a\" data-element_type=\"widget\" data-e-type=\"widget\" data-widget_type=\"theme-post-title.default\">\n\t\t\t\t<div class=\"elementor-widget-container\">\n\t\t\t\t\t<h1 class=\"elementor-heading-title elementor-size-default\">Suurtehoimurointia imuautolla V\u00f6yrin kirkossa<\/h1>\t\t\t\t<\/div>\n\t\t\t\t<\/div>\n\t\t\t\t\t<\/div>\n\t\t<\/div>\n\t\t\t\t\t<\/div>\n\t\t<\/section>\n\t\t\t\t<section data-particle_enable=\"false\" data-particle-mobile-disabled=\"false\" class=\"elementor-section elementor-top-section elementor-element elementor-element-6069b241 elementor-section-boxed elementor-section-height-default elementor-section-height-default\" data-id=\"6069b241\" data-element_type=\"section\" data-e-type=\"section\">\n\t\t\t\t\t\t<div class=\"elementor-container elementor-column-gap-default\">\n\t\t\t\t\t<div class=\"elementor-column elementor-col-100 elementor-top-column elementor-element elementor-element-97e5543\" data-id=\"97e5543\" data-element_type=\"column\" data-e-type=\"column\">\n\t\t\t<div class=\"elementor-widget-wrap elementor-element-populated\">\n\t\t\t\t\t\t<div class=\"elementor-element elementor-element-478db12d elementor-widget elementor-widget-spacer\" data-id=\"478db12d\" data-element_type=\"widget\" data-e-type=\"widget\" data-widget_type=\"spacer.default\">\n\t\t\t\t<div class=\"elementor-widget-container\">\n\t\t\t\t\t\t\t<div class=\"elementor-spacer\">\n\t\t\t<div class=\"elementor-spacer-inner\"><\/div>\n\t\t<\/div>\n\t\t\t\t\t\t<\/div>\n\t\t\t\t<\/div>\n\t\t\t\t<div class=\"elementor-element elementor-element-bae1603 elementor-align-start elementor-icon-list--layout-traditional elementor-list-item-link-full_width elementor-widget elementor-widget-icon-list\" data-id=\"bae1603\" data-element_type=\"widget\" data-e-type=\"widget\" data-widget_type=\"icon-list.default\">\n\t\t\t\t<div class=\"elementor-widget-container\">\n\t\t\t\t\t\t\t<ul class=\"elementor-icon-list-items\">\n\t\t\t\t\t\t\t<li class=\"elementor-icon-list-item\">\n\t\t\t\t\t\t\t\t\t\t\t<span class=\"elementor-icon-list-icon\">\n\t\t\t\t\t\t\t<i aria-hidden=\"true\" class=\"fas fa-chevron-right\"><\/i>\t\t\t\t\t\t<\/span>\n\t\t\t\t\t\t\t\t\t\t<span class=\"elementor-icon-list-text\">SUURTEHOIMUROINTIA<\/span>\n\t\t\t\t\t\t\t\t\t<\/li>\n\t\t\t\t\t\t<\/ul>\n\t\t\t\t\t\t<\/div>\n\t\t\t\t<\/div>\n\t\t\t\t<div class=\"elementor-element elementor-element-26694d1 elementor-widget elementor-widget-text-editor\" data-id=\"26694d1\" data-element_type=\"widget\" data-e-type=\"widget\" data-widget_type=\"text-editor.default\">\n\t\t\t\t<div class=\"elementor-widget-container\">\n\t\t\t\t\t\t\t\t\t<h3><img fetchpriority=\"high\" decoding=\"async\" class=\"alignnone size-full wp-image-6284\" src=\"https:\/\/www.ampservices.fi\/wp-content\/uploads\/2025\/09\/case-sugbil-content-content-4-web.jpg\" alt=\"\" width=\"1600\" height=\"1189\" srcset=\"https:\/\/www.ampservices.fi\/wp-content\/uploads\/2025\/09\/case-sugbil-content-content-4-web.jpg 1600w, https:\/\/www.ampservices.fi\/wp-content\/uploads\/2025\/09\/case-sugbil-content-content-4-web-300x223.jpg 300w, https:\/\/www.ampservices.fi\/wp-content\/uploads\/2025\/09\/case-sugbil-content-content-4-web-1024x761.jpg 1024w, https:\/\/www.ampservices.fi\/wp-content\/uploads\/2025\/09\/case-sugbil-content-content-4-web-768x571.jpg 768w, https:\/\/www.ampservices.fi\/wp-content\/uploads\/2025\/09\/case-sugbil-content-content-4-web-1536x1141.jpg 1536w\" sizes=\"(max-width: 1600px) 100vw, 1600px\" \/><\/h3><h3>Suurtehoimurointia imuautolla V\u00f6yrin kirkossa: AMP luotettavana kumppanina kulttuurihistoriallisessa kunnostuksessa<\/h3><p>Rakennusyritys Nordic Rakennuksella on edess\u00e4\u00e4n arvostettu teht\u00e4v\u00e4: V\u00f6yrin kirkon \u2013 Suomen vanhimman yh\u00e4 aktiivisessa k\u00e4yt\u00f6ss\u00e4 olevan puukirkon \u2013 peruskorjaus. Korjausty\u00f6t k\u00e4ynnistyiv\u00e4t kes\u00e4ll\u00e4 2025 ja niiden on m\u00e4\u00e4r\u00e4 valmistua sopivasti kirkon 400-vuotisjuhliin ensi vuoden syyskuussa. Hanke on kattava: siihen kuuluu kaikkea kirkonpenkkien purkamisesta lattioiden avaamiseen, uuden tekniikan asentamiseen ja kirkon ry\u00f6mint\u00e4tilan huolelliseen arkeologiseen tarkasteluun.<\/p><p>Ty\u00f6skentely rakennuksessa, joka on osa yhteist\u00e4 kulttuuriperint\u00f6\u00e4mme, merkitsee sek\u00e4 suurta vastuuta ett\u00e4 ainutlaatuista mahdollisuutta olla mukana muovaamassa osaa Suomen historiasta tuleville sukupolville. Nordic Rakennukselle kyseess\u00e4 on hanke, joka vaatii huolellisuutta, kokemusta ja luotettavia yhteisty\u00f6kumppaneita. Juuri siksi Nordic Rakennuksen Simon Enkvist valitsi AMP:n hoitamaan yhden peruskorjauksen keskeisimmist\u00e4 osa-alueista. <\/p><h3>AMP:n imuauto tekee likaiset ty\u00f6t<\/h3><p>Yksi peruskorjauksen t\u00e4h\u00e4nastisista haasteista on ollut lukuisten puru- ja sammalkuutiometrien poistaminen kirkon lattian alta. Purua ja sammalta on k\u00e4ytetty perinteisin\u00e4 eristemateriaaleina vuosisatojen ajan, mutta nyt ne piti poistaa kokonaan, jotta tilalle voitaisiin asentaa moderni eristys ja jotta arkeologit p\u00e4\u00e4sisiv\u00e4t tutkimaan ry\u00f6mint\u00e4tilaa. T\u00e4ss\u00e4 AMP:n osaaminen astui kuvioihin.<\/p><p>AMP pystyi modernin imuauton avulla suorittamaan vanhan eristemateriaalin suurtehoimuroinnin tehokkaalla ja turvallisella tavalla. AMP ehti tyhjent\u00e4\u00e4 valtaosan vanhasta eristeest\u00e4 vain viikossa \u2013 ty\u00f6, joka olisi muuten vienyt huomattavasti enemm\u00e4n aikaa ja resursseja.<\/p><p>\u2013 AMP:n imuauton ansiosta ty\u00f6 sujui todella nopeasti ja joustavasti. He vastaavat lis\u00e4ksi uusien eristeiden puhaltamisesta paikoilleen sen j\u00e4lkeen, kun arkeologit ovat tutkineet ry\u00f6mint\u00e4tilan. AMP on siis mukana sek\u00e4 puhdistuksessa ett\u00e4 tulevan rakenteen valmistelussa, kertoo Simon Enkvist, Nordic Rakennuksen ty\u00f6njohtaja.<\/p><p><img decoding=\"async\" class=\"alignnone size-full wp-image-6287\" src=\"https:\/\/www.ampservices.fi\/wp-content\/uploads\/2025\/09\/case-sugbil-content-content-3-web.jpg\" alt=\"\" width=\"1600\" height=\"1067\" srcset=\"https:\/\/www.ampservices.fi\/wp-content\/uploads\/2025\/09\/case-sugbil-content-content-3-web.jpg 1600w, https:\/\/www.ampservices.fi\/wp-content\/uploads\/2025\/09\/case-sugbil-content-content-3-web-300x200.jpg 300w, https:\/\/www.ampservices.fi\/wp-content\/uploads\/2025\/09\/case-sugbil-content-content-3-web-1024x683.jpg 1024w, https:\/\/www.ampservices.fi\/wp-content\/uploads\/2025\/09\/case-sugbil-content-content-3-web-768x512.jpg 768w, https:\/\/www.ampservices.fi\/wp-content\/uploads\/2025\/09\/case-sugbil-content-content-3-web-1536x1024.jpg 1536w\" sizes=\"(max-width: 1600px) 100vw, 1600px\" \/><\/p><h3>AMP:n imuauto on itsest\u00e4\u00e4nselv\u00e4 valinta suurtehoimurointiin ja saneeraukseen<\/h3><p>Yhteisty\u00f6kumppanin valinta oli Nordic Rakennukselle itsest\u00e4\u00e4nselvyys. AMP on aiemminkin auttanut heit\u00e4 useissa suurissa hankkeissa, muun muassa korkeapainepesuissa ja h\u00f6yrytyksiss\u00e4, ja yrityksen maine luotettavana ja osaavana toimijana saa asiakkaat palaamaan yh\u00e4 uudelleen.<\/p><p>\u2013 AMP on aina toimittanut korkeaa laatua ja on tunnettu ammattimaisuudestaan. Heill\u00e4 on moderni kalusto, todistettu osaaminen ja pitk\u00e4 kokemus. Tied\u00e4mme, ett\u00e4 ty\u00f6t tehd\u00e4\u00e4n oikein silloin, kun he ovat mukana\u201d, kertoo Simon Enkvist.<\/p><p>Joustavuus ja luottamus leimaavat Nordic Rakennuksen ja AMP:n v\u00e4list\u00e4 yhteisty\u00f6t\u00e4. Kun aikataulu on tiukka ja ty\u00f6vaiheet monimutkaisia, on ratkaisevaa voida nojautua kumppaniin, joka todella lunastaa lupauksensa. AMP on V\u00f6yrin kirkon peruskorjauksen aikana selke\u00e4sti osoittanut, miten oikea osaaminen ja kalusto voivat tehostaa jopa kaikkein vaativimpia ty\u00f6vaiheita.<\/p><h3>AMP:n imuauto: suurtehoimurointia ja saneerauspalveluja, jotka helpottavat ty\u00f6t\u00e4<\/h3><p>AMP:n imuauto on luotettava vaihtoehto, kun tarvitaan jonkin materiaalin nopeaa ja vaivatonta poistamista rakennus- ja teollisuusymp\u00e4rist\u00f6ist\u00e4. Hoidamme kaiken maan, soran ja purun poistosta vanhoihin eristeisiin \u2013 sek\u00e4 suurilla alueilla ett\u00e4 ahtaissa tiloissa, joihin on muuten vaikea p\u00e4\u00e4st\u00e4 k\u00e4siksi. Mukautamme saneerauksen rakennusty\u00f6mailla ja teollisuushankkeissa aina jokaisen toimeksiannon yksil\u00f6llisiin tarpeisiin. Suurtehoimuroinnin lis\u00e4ksi tarjoamme my\u00f6s suurtehopuhallusta, korkeapainepesua, h\u00f6yrytyst\u00e4 sek\u00e4 putkien tarkastusta ja huuhtelua \u2013 kaikkea, mik\u00e4 tekee ty\u00f6p\u00e4iv\u00e4st\u00e4 helpomman ja turvallisemman.<\/p><p><img decoding=\"async\" class=\"alignnone size-full wp-image-6290\" src=\"https:\/\/www.ampservices.fi\/wp-content\/uploads\/2025\/09\/case-sugbil-content-content-1-web.jpg\" alt=\"\" width=\"1600\" height=\"1600\" srcset=\"https:\/\/www.ampservices.fi\/wp-content\/uploads\/2025\/09\/case-sugbil-content-content-1-web.jpg 1600w, https:\/\/www.ampservices.fi\/wp-content\/uploads\/2025\/09\/case-sugbil-content-content-1-web-300x300.jpg 300w, https:\/\/www.ampservices.fi\/wp-content\/uploads\/2025\/09\/case-sugbil-content-content-1-web-1024x1024.jpg 1024w, https:\/\/www.ampservices.fi\/wp-content\/uploads\/2025\/09\/case-sugbil-content-content-1-web-150x150.jpg 150w, https:\/\/www.ampservices.fi\/wp-content\/uploads\/2025\/09\/case-sugbil-content-content-1-web-768x768.jpg 768w, https:\/\/www.ampservices.fi\/wp-content\/uploads\/2025\/09\/case-sugbil-content-content-1-web-1536x1536.jpg 1536w\" sizes=\"(max-width: 1600px) 100vw, 1600px\" \/><\/p><h3>Suurtehoimuroinnin edut<\/h3><p><strong>Vahva imuteho:<\/strong> imuautomme pystyy k\u00e4sittelem\u00e4\u00e4n suuria materiaalim\u00e4\u00e4ri\u00e4 hetkess\u00e4 sek\u00e4 selviytyy kaikesta purusta ja hiekasta eristeisiin ja rakennusj\u00e4tteisiin.<\/p><p><strong>Nopea ja tehokas:<\/strong> koska suurtehoimuroinnissa ei k\u00e4ytet\u00e4 vett\u00e4, v\u00e4lt\u00e4t kuivumisajat ja ylim\u00e4\u00e4r\u00e4isen siivousty\u00f6n. Ty\u00f6 valmistuu huomattavasti nopeammin ja v\u00e4hemm\u00e4ll\u00e4 vaivalla.<\/p><p><strong>P\u00e4\u00e4see kaikkialle:<\/strong> suurtehoimuroinnilla ylt\u00e4\u00e4 paikkoihin, joihin perinteiset koneet eiv\u00e4t p\u00e4\u00e4se, esimerkiksi ry\u00f6mint\u00e4tiloihin, ahtaille ullakoille tai muihin vaikeap\u00e4\u00e4syisiin kohteisiin.<\/p><h3>Miksi valita AMP?<\/h3><p>AMP on valmiina auttamaan, kun tarvitset luotettavaa suurtehoimurointia ja tehokkaita saneerauspalveluja. Yhdist\u00e4mme joustavuuden, osaamisen ja nopeuden pitk\u00e4\u00e4n kokemukseen teollisuus- ja rakennusalan kunnossapidosta ja saneerauksista, jotta hankkeesi etenee ilman turhia keskeytyksi\u00e4.<\/p><p>Vahvuutemme on siin\u00e4, ett\u00e4 olemme aina valmiina l\u00e4htem\u00e4\u00e4n liikkeelle oikealla kalustolla ja osaamisella riippumatta siit\u00e4, miss\u00e4 tai milloin meit\u00e4 tarvitset. Ei ole v\u00e4li\u00e4, onko kyse suurten materiaalim\u00e4\u00e4rien poistosta vai vaikeap\u00e4\u00e4syisten kohteiden puhdistuksesta \u2013 me varmistamme, ett\u00e4 ty\u00f6t tehd\u00e4\u00e4n oikein ja aina ajallaan.<\/p><p><img loading=\"lazy\" decoding=\"async\" class=\"alignnone size-full wp-image-6293\" src=\"https:\/\/www.ampservices.fi\/wp-content\/uploads\/2025\/09\/case-sugbil-content-content-2-web.jpg\" alt=\"\" width=\"1600\" height=\"1067\" srcset=\"https:\/\/www.ampservices.fi\/wp-content\/uploads\/2025\/09\/case-sugbil-content-content-2-web.jpg 1600w, https:\/\/www.ampservices.fi\/wp-content\/uploads\/2025\/09\/case-sugbil-content-content-2-web-300x200.jpg 300w, https:\/\/www.ampservices.fi\/wp-content\/uploads\/2025\/09\/case-sugbil-content-content-2-web-1024x683.jpg 1024w, https:\/\/www.ampservices.fi\/wp-content\/uploads\/2025\/09\/case-sugbil-content-content-2-web-768x512.jpg 768w, https:\/\/www.ampservices.fi\/wp-content\/uploads\/2025\/09\/case-sugbil-content-content-2-web-1536x1024.jpg 1536w\" sizes=\"(max-width: 1600px) 100vw, 1600px\" \/><\/p><p><em>Simon Enkvist, ty\u00f6njohtaja Nordic Rakennuksella.<\/em><\/p>\t\t\t\t\t\t\t\t<\/div>\n\t\t\t\t<\/div>\n\t\t\t\t<div class=\"elementor-element elementor-element-1098889a elementor-widget elementor-widget-spacer\" data-id=\"1098889a\" data-element_type=\"widget\" data-e-type=\"widget\" data-widget_type=\"spacer.default\">\n\t\t\t\t<div class=\"elementor-widget-container\">\n\t\t\t\t\t\t\t<div class=\"elementor-spacer\">\n\t\t\t<div class=\"elementor-spacer-inner\"><\/div>\n\t\t<\/div>\n\t\t\t\t\t\t<\/div>\n\t\t\t\t<\/div>\n\t\t\t\t\t<\/div>\n\t\t<\/div>\n\t\t\t\t\t<\/div>\n\t\t<\/section>\n\t\t\t\t<\/div>\n\t\t","protected":false},"excerpt":{"rendered":"<p>Case SUURTEHOIMUROINTIA Suurtehoimurointia imuautolla V\u00f6yrin kirkossa: AMP luotettavana kumppanina kulttuurihistoriallisessa kunnostuksessa Rakennusyritys Nordic Rakennuksella on edess\u00e4\u00e4n arvostettu teht\u00e4v\u00e4: V\u00f6yrin kirkon \u2013 Suomen vanhimman yh\u00e4 aktiivisessa k\u00e4yt\u00f6ss\u00e4 olevan puukirkon \u2013 peruskorjaus. Korjausty\u00f6t k\u00e4ynnistyiv\u00e4t kes\u00e4ll\u00e4 2025 ja niiden on m\u00e4\u00e4r\u00e4 valmistua sopivasti kirkon 400-vuotisjuhliin ensi vuoden syyskuussa. Hanke on kattava: siihen kuuluu kaikkea kirkonpenkkien purkamisesta lattioiden avaamiseen, &#8230; <a title=\"Suurtehoimurointia imuautolla V\u00f6yrin kirkossa\" class=\"read-more\" href=\"https:\/\/www.ampservices.fi\/fi\/yksityishenkilot\/asiakastarinat\/suurtehoimurointia-imuautolla-voyrin-kirkossa\/\" aria-label=\"Lue lis\u00e4\u00e4 aiheesta Suurtehoimurointia imuautolla V\u00f6yrin kirkossa\">Lue lis\u00e4\u00e4<\/a><\/p>\n","protected":false},"author":1,"featured_media":0,"parent":5448,"menu_order":0,"comment_status":"closed","ping_status":"closed","template":"elementor_header_footer","meta":{"footnotes":""},"class_list":["post-6322","page","type-page","status-publish"],"_links":{"self":[{"href":"https:\/\/www.ampservices.fi\/fi\/wp-json\/wp\/v2\/pages\/6322","targetHints":{"allow":["GET"]}}],"collection":[{"href":"https:\/\/www.ampservices.fi\/fi\/wp-json\/wp\/v2\/pages"}],"about":[{"href":"https:\/\/www.ampservices.fi\/fi\/wp-json\/wp\/v2\/types\/page"}],"author":[{"embeddable":true,"href":"https:\/\/www.ampservices.fi\/fi\/wp-json\/wp\/v2\/users\/1"}],"replies":[{"embeddable":true,"href":"https:\/\/www.ampservices.fi\/fi\/wp-json\/wp\/v2\/comments?post=6322"}],"version-history":[{"count":0,"href":"https:\/\/www.ampservices.fi\/fi\/wp-json\/wp\/v2\/pages\/6322\/revisions"}],"up":[{"embeddable":true,"href":"https:\/\/www.ampservices.fi\/fi\/wp-json\/wp\/v2\/pages\/5448"}],"wp:attachment":[{"href":"https:\/\/www.ampservices.fi\/fi\/wp-json\/wp\/v2\/media?parent=6322"}],"curies":[{"name":"wp","href":"https:\/\/api.w.org\/{rel}","templated":true}]}}