{"id":5577,"date":"2024-11-17T16:00:27","date_gmt":"2024-11-17T16:00:27","guid":{"rendered":"https:\/\/www.ampservices.fi\/web2\/?page_id=5577"},"modified":"2024-12-02T17:21:52","modified_gmt":"2024-12-02T17:21:52","slug":"hoyrytys-vestaksen-tuulivoimapuistossa-pohjanmaan-mutkalammilla-suomi","status":"publish","type":"page","link":"https:\/\/www.ampservices.fi\/fi\/teollisuusyritykset\/asiakastarinat\/hoyrytys-vestaksen-tuulivoimapuistossa-pohjanmaan-mutkalammilla-suomi\/","title":{"rendered":"H\u00f6yrytys Vestaksen tuulivoimapuistossa Pohjanmaan Mutkalammilla, Suomi"},"content":{"rendered":"\t\t<div data-elementor-type=\"wp-page\" data-elementor-id=\"5577\" class=\"elementor elementor-5577 elementor-4924\" data-elementor-post-type=\"page\">\n\t\t\t\t\t\t<section data-particle_enable=\"false\" data-particle-mobile-disabled=\"false\" class=\"elementor-section elementor-top-section elementor-element elementor-element-24eb507 elementor-section-full_width elementor-section-height-min-height elementor-section-height-default elementor-section-items-middle\" data-id=\"24eb507\" data-element_type=\"section\" data-e-type=\"section\" data-settings=\"{&quot;background_background&quot;:&quot;classic&quot;}\">\n\t\t\t\t\t\t<div class=\"elementor-container elementor-column-gap-default\">\n\t\t\t\t\t<div class=\"elementor-column elementor-col-100 elementor-top-column elementor-element elementor-element-ea57ee2\" data-id=\"ea57ee2\" data-element_type=\"column\" data-e-type=\"column\">\n\t\t\t<div class=\"elementor-widget-wrap elementor-element-populated\">\n\t\t\t\t\t\t<div class=\"elementor-element elementor-element-4788b31 elementor-widget elementor-widget-heading\" data-id=\"4788b31\" data-element_type=\"widget\" data-e-type=\"widget\" data-widget_type=\"heading.default\">\n\t\t\t\t<div class=\"elementor-widget-container\">\n\t\t\t\t\t<h2 class=\"elementor-heading-title elementor-size-default\">Case<\/h2>\t\t\t\t<\/div>\n\t\t\t\t<\/div>\n\t\t\t\t<div class=\"elementor-element elementor-element-781de1a elementor-widget elementor-widget-theme-post-title elementor-page-title elementor-widget-heading\" data-id=\"781de1a\" data-element_type=\"widget\" data-e-type=\"widget\" data-widget_type=\"theme-post-title.default\">\n\t\t\t\t<div class=\"elementor-widget-container\">\n\t\t\t\t\t<h1 class=\"elementor-heading-title elementor-size-default\">H\u00f6yrytys Vestaksen tuulivoimapuistossa Pohjanmaan Mutkalammilla, Suomi<\/h1>\t\t\t\t<\/div>\n\t\t\t\t<\/div>\n\t\t\t\t\t<\/div>\n\t\t<\/div>\n\t\t\t\t\t<\/div>\n\t\t<\/section>\n\t\t\t\t<section data-particle_enable=\"false\" data-particle-mobile-disabled=\"false\" class=\"elementor-section elementor-top-section elementor-element elementor-element-a1a360e elementor-section-boxed elementor-section-height-default elementor-section-height-default\" data-id=\"a1a360e\" data-element_type=\"section\" data-e-type=\"section\">\n\t\t\t\t\t\t<div class=\"elementor-container elementor-column-gap-default\">\n\t\t\t\t\t<div class=\"elementor-column elementor-col-100 elementor-top-column elementor-element elementor-element-bad06be\" data-id=\"bad06be\" data-element_type=\"column\" data-e-type=\"column\">\n\t\t\t<div class=\"elementor-widget-wrap elementor-element-populated\">\n\t\t\t\t\t\t<div class=\"elementor-element elementor-element-5d85708 elementor-widget elementor-widget-spacer\" data-id=\"5d85708\" data-element_type=\"widget\" data-e-type=\"widget\" data-widget_type=\"spacer.default\">\n\t\t\t\t<div class=\"elementor-widget-container\">\n\t\t\t\t\t\t\t<div class=\"elementor-spacer\">\n\t\t\t<div class=\"elementor-spacer-inner\"><\/div>\n\t\t<\/div>\n\t\t\t\t\t\t<\/div>\n\t\t\t\t<\/div>\n\t\t\t\t<div class=\"elementor-element elementor-element-8cdbd6d elementor-align-start elementor-icon-list--layout-traditional elementor-list-item-link-full_width elementor-widget elementor-widget-icon-list\" data-id=\"8cdbd6d\" data-element_type=\"widget\" data-e-type=\"widget\" data-widget_type=\"icon-list.default\">\n\t\t\t\t<div class=\"elementor-widget-container\">\n\t\t\t\t\t\t\t<ul class=\"elementor-icon-list-items\">\n\t\t\t\t\t\t\t<li class=\"elementor-icon-list-item\">\n\t\t\t\t\t\t\t\t\t\t\t<span class=\"elementor-icon-list-icon\">\n\t\t\t\t\t\t\t<i aria-hidden=\"true\" class=\"fas fa-chevron-right\"><\/i>\t\t\t\t\t\t<\/span>\n\t\t\t\t\t\t\t\t\t\t<span class=\"elementor-icon-list-text\">TUULIVOIMAPERUSTOJEN JA OSIEN J\u00c4\u00c4NPOISTUS<\/span>\n\t\t\t\t\t\t\t\t\t<\/li>\n\t\t\t\t\t\t<\/ul>\n\t\t\t\t\t\t<\/div>\n\t\t\t\t<\/div>\n\t\t\t\t<div class=\"elementor-element elementor-element-09abc9b elementor-widget elementor-widget-text-editor\" data-id=\"09abc9b\" data-element_type=\"widget\" data-e-type=\"widget\" data-widget_type=\"text-editor.default\">\n\t\t\t\t<div class=\"elementor-widget-container\">\n\t\t\t\t\t\t\t\t\t<h3>1) Voitko kertoa hieman kuka olet, ja ty\u00f6st\u00e4 Mutkalammin tuulivoimapuistossa?<\/h3><p>\u2013 Olen Jimmy Nielsen, ja ty\u00f6skentelen Site Managerina t\u00e4\u00e4ll\u00e4 Vestaksen tuulivoimapuistossa Mutkalammilla. Vestas rakentaa 69 tuulivoimaturbiinia asiakkaallemme NEON:ille t\u00e4\u00e4ll\u00e4 Mutkalammilla, ja meill\u00e4 on vastuu koko projektista. T\u00e4m\u00e4 on ensimm\u00e4inen kerta, kun toimimme n\u00e4in isolla mittakaavalla. Vestas vastaa koko tuulivoimalasta, me olemme rakentaneet tien, perustukset, koko infrastruktuurin, kaikki s\u00e4hk\u00f6liit\u00e4nn\u00e4t ja vastaamme itse tuulivoimaturbiineista.<\/p><p><img fetchpriority=\"high\" decoding=\"async\" class=\"alignnone wp-image-816\" src=\"https:\/\/www.ampservices.fi\/wp-content\/uploads\/2022\/09\/angning-1.jpg\" alt=\"\" width=\"1300\" height=\"867\" srcset=\"https:\/\/www.ampservices.fi\/wp-content\/uploads\/2022\/09\/angning-1.jpg 1200w, https:\/\/www.ampservices.fi\/wp-content\/uploads\/2022\/09\/angning-1-300x200.jpg 300w, https:\/\/www.ampservices.fi\/wp-content\/uploads\/2022\/09\/angning-1-1024x683.jpg 1024w, https:\/\/www.ampservices.fi\/wp-content\/uploads\/2022\/09\/angning-1-768x512.jpg 768w\" sizes=\"(max-width: 1300px) 100vw, 1300px\" \/><\/p><p><em>Site Manager Jimmy Nielsen valvoo 69 tuulivoimaturbiinin asennusta Pohjanmaan Mutkalammilla vakain k\u00e4sin.<\/em><\/p><h3>2) Olen ymm\u00e4rt\u00e4nyt ett\u00e4 t\u00e4st\u00e4 on tulossa Suomen suurin tuulivoimapuisto Vestaksen 69:ll\u00e4 tuulivoimaturbiinilla. Kuinka pitk\u00e4ll\u00e4 projekti on t\u00e4ll\u00e4 hetkell\u00e4, ja milloin se valmistuu?<\/h3><p>\u2013 Aloitimme rakennusprojektin kes\u00e4ll\u00e4 2020 rakentamalla ensin tien ja muita perustuksia. En ollut itse mukana t\u00e4ss\u00e4 alkuvaiheessa, sill\u00e4 itse tuulivoimaturbiinit ovat erikoisalaani. Tammikuussa 2022 aloitimme tuulivoiman rakentamisen, ja maaliskuussa saimme valmiiksi ensimm\u00e4isen tuulimyllyn. Saamme koko projektin valmiiksi hein\u00e4-elokuun vaihteessa, jolloin kaikki 69 tuulimylly\u00e4 ovat pystyss\u00e4. Meill\u00e4 on nelj\u00e4 isoa nostokurkea k\u00e4ytett\u00e4viss\u00e4mme, ja ty\u00f6skentelemme kuutena p\u00e4iv\u00e4n\u00e4 viikossa, my\u00f6s y\u00f6t l\u00e4peens\u00e4. Vuoden 2022 aikana tuulimyllyt liitet\u00e4\u00e4n suomalaiseen s\u00e4hk\u00f6verkkoon ja luovutamme projektin asiakkaalle ja Vestaksen huolto-osastolle.<\/p><h3>3) Teill\u00e4 on tuulivoimapuistoja ymp\u00e4ri maailman, ja kohtaatte erilaisia \u00e4\u00e4rimm\u00e4isi\u00e4 s\u00e4\u00e4olosuhteita rakentaessanne. Millaiset haasteet ovat tavanomaisimpia silloin kun rakennetaan talviolosuhteissa?<\/h3><p>\u2013 Talvella tuulee paljon, ja jos on kylmemp\u00e4\u00e4 kuin -20 C emme voi tehd\u00e4 asennusty\u00f6t\u00e4. Myllyt voivat kyll\u00e4 py\u00f6ri\u00e4, mutta ty\u00f6miehemme eiv\u00e4t voi ty\u00f6skennell\u00e4 siell\u00e4 ja on my\u00f6s vaikea tehd\u00e4 asennustyot\u00e4 kun on paljon lunta ja j\u00e4\u00e4t\u00e4. Se on mahdollista, mutta vie paljon enemm\u00e4n aikaa silloin. Koska edelleen on t\u00e4ysi talvi p\u00e4\u00e4ll\u00e4, olemme valmistautumisvaiheessa. Tuomme osia ty\u00f6maalle, kuten teri\u00e4, torneja, s\u00e4hk\u00f6kaapeleita, ja valmistelemme osia, sek\u00e4 asennamme ensimm\u00e4isi\u00e4 torneja niihin kohtiin miss\u00e4 ei tuule niin paljon. Viikolla 12 alkaa t\u00e4ysi asennusty\u00f6, ja silloin saapuu ensimm\u00e4inen nostokurki t\u00e4nne ty\u00f6maalle. Silloin toivomme mukaan lumi ja j\u00e4\u00e4 on jo poissa ja on v\u00e4hemm\u00e4n tuulista. Olemme menossa kohti parempia s\u00e4it\u00e4 ja suunnitelmissa on ty\u00f6skennell\u00e4 t\u00e4ysill\u00e4 huhtikuusta elokuuhun.<\/p><h3>4) Millaisia vaihtoehtoja on lumen ja j\u00e4\u00e4n poistamiseen silloin kun rakennetaan tuulivoimalaa?<\/h3><p>\u2013 T\u00e4h\u00e4n on useita erilaisia tapoja, mutta meill\u00e4 t\u00e4\u00e4ll\u00e4 ty\u00f6maallamme AMP ovat h\u00f6yrytt\u00e4neet ja puhdistaneet tuulimyllyjen perustukset. Perustukset koostuvat betonista olevasta kuopasta, johon asennetaan 30\u201335 metallista tasaustukea. N\u00e4iden p\u00e4\u00e4lle asennetaan tuulimylly. Talvella on ongelmana on se, ett\u00e4 n\u00e4m\u00e4 kuopat t\u00e4yttyv\u00e4t j\u00e4\u00e4st\u00e4 ja lumesta, eik\u00e4 ole helppo homma saada niist\u00e4 pois. T\u00e4ss\u00e4 k\u00e4\u00e4nnyimme AMP-yrityksen puoleen, ja he k\u00e4yttiv\u00e4t liikkuvaa h\u00f6yrykehitint\u00e4\u00e4n, niin ett\u00e4 lumi ja j\u00e4\u00e4 saatiin poistettua, ja pystyimme asentamaan tasaustuet. N\u00e4in meid\u00e4n oli mahdollista pystytt\u00e4\u00e4 ensimm\u00e4inen tornimme.<\/p><p><img decoding=\"async\" class=\"alignnone wp-image-817\" src=\"https:\/\/www.ampservices.fi\/wp-content\/uploads\/2022\/09\/angning-2.jpg\" alt=\"\" width=\"1300\" height=\"867\" srcset=\"https:\/\/www.ampservices.fi\/wp-content\/uploads\/2022\/09\/angning-2.jpg 1200w, https:\/\/www.ampservices.fi\/wp-content\/uploads\/2022\/09\/angning-2-300x200.jpg 300w, https:\/\/www.ampservices.fi\/wp-content\/uploads\/2022\/09\/angning-2-1024x683.jpg 1024w, https:\/\/www.ampservices.fi\/wp-content\/uploads\/2022\/09\/angning-2-768x512.jpg 768w\" sizes=\"(max-width: 1300px) 100vw, 1300px\" \/><\/p><p style=\"text-align: left;\"><em>Lumen valtaama tuulimyllyn perustus ennen AMP-yrityksen suorittamaa puhdistusta.<\/em><\/p><h3>5) Milloin olitte AMP-yritykseen yhteyksiss\u00e4 ensimm\u00e4isen kerran?<\/h3><p>\u2013 Tiesin, ett\u00e4 he olivat tehneet yhteisty\u00f6t\u00e4 Destian kanssa BOP-vaiheessa, kun perustukset valettiin. He k\u00e4yttiv\u00e4t silloin AMP-yrityst\u00e4 lumen ja j\u00e4\u00e4n poistamiseen rautavahvistuksista. Tutustuimme erilaisiin vaihtoehtoihin, mutta p\u00e4\u00e4dyimme siihen, ett\u00e4 AMP olivat meille paras ja edullisin vaihtoehto.<\/p><h3>6) Onko teill\u00e4 erityisi\u00e4 haasteita t\u00e4n\u00e4 talvena?<\/h3><p>\u2013 Meill\u00e4 ei ole t\u00e4n\u00e4 vuonna mit\u00e4\u00e4n erityisi\u00e4 haasteita. Emme ole joutuneet keskeytt\u00e4m\u00e4\u00e4n t\u00f6it\u00e4 lumen ja j\u00e4\u00e4n takia, mutta se toki johtuu my\u00f6s siit\u00e4, ett\u00e4 meill\u00e4 on ollut AMP apunamme. T\u00e4st\u00e4 syyst\u00e4 lumi ja j\u00e4\u00e4 eiv\u00e4t ole olleet ty\u00f6mme etenemisen esteen\u00e4. Meill\u00e4 on ollut useita projekteja, joissa olemme vasaran ja talttojen kanssa yritt\u00e4neet saada j\u00e4\u00e4n pois perustuksista, mutta se vie pitk\u00e4n aikaa eik\u00e4 ole mukavaa ty\u00f6t\u00e4 asentajillemme. Nyt AMP k\u00e4yv\u00e4t meill\u00e4 kaksi kertaa viikossa muutama p\u00e4iv\u00e4 ennen kuin teemme asennuksia, ja ennen kuin ehtii taas sataa uudelleen lunta.<\/p><h3>7) Miten kuvailisit AMP-yritysten ty\u00f6skentely\u00e4?<\/h3><p>\u2013 He ovat ammattilaisia ja ovat ty\u00f6skennelleet t\u00e4\u00e4ll\u00e4 Vestaksen ty\u00f6maalla aiemmin ja tiet\u00e4v\u00e4t miten t\u00e4\u00e4ll\u00e4 toimitaan. Heid\u00e4n kanssa on helppo keskustella, ja he tiedottavat minulle suoraan mit\u00e4 ovat tekem\u00e4ss\u00e4. Tied\u00e4n koko ajan miss\u00e4 he liikkuvat, milloin ty\u00f6 valmistuu jokaisen perustuksen kohdalla ja milloin he ovat valmiita l\u00e4htem\u00e4\u00e4n kotiin.<\/p><p><img decoding=\"async\" class=\"alignnone wp-image-818\" src=\"https:\/\/www.ampservices.fi\/wp-content\/uploads\/2022\/09\/angning-3.jpg\" alt=\"\" width=\"1300\" height=\"867\" srcset=\"https:\/\/www.ampservices.fi\/wp-content\/uploads\/2022\/09\/angning-3.jpg 1200w, https:\/\/www.ampservices.fi\/wp-content\/uploads\/2022\/09\/angning-3-300x200.jpg 300w, https:\/\/www.ampservices.fi\/wp-content\/uploads\/2022\/09\/angning-3-1024x683.jpg 1024w, https:\/\/www.ampservices.fi\/wp-content\/uploads\/2022\/09\/angning-3-768x512.jpg 768w\" sizes=\"(max-width: 1300px) 100vw, 1300px\" \/><\/p><p style=\"text-align: left;\"><em>H\u00f6yrytetty ja puhdistettu tuulivoimaperustus valmiina asennust\u00f6it\u00e4 varten.<\/em><\/p><h3>8) Kenelle suosittelisit AMP:n h\u00f6yrytyspalveluja j\u00e4\u00e4npoistoon?<\/h3><p>\u2013 Tied\u00e4n, ett\u00e4 he ovat ty\u00f6skennelleet BOP:n kanssa ja perustusten valamisessa tuulivoimateollisuudelle aiemmin, mutta en tied\u00e4 onko kilpailijoillamme samanlaisia j\u00e4rjestelmi\u00e4 kuin meill\u00e4. Mutta h\u00f6yrytys sopii oikein hyvin kaikkiin rakennusalan projekteihin, miss\u00e4 halutaan saada j\u00e4\u00e4 pois nopeasti ja tehokkaasti.<\/p><p><img loading=\"lazy\" decoding=\"async\" class=\"alignnone wp-image-819\" src=\"https:\/\/www.ampservices.fi\/wp-content\/uploads\/2022\/09\/angning-4.jpg\" alt=\"\" width=\"1300\" height=\"867\" srcset=\"https:\/\/www.ampservices.fi\/wp-content\/uploads\/2022\/09\/angning-4.jpg 1200w, https:\/\/www.ampservices.fi\/wp-content\/uploads\/2022\/09\/angning-4-300x200.jpg 300w, https:\/\/www.ampservices.fi\/wp-content\/uploads\/2022\/09\/angning-4-1024x683.jpg 1024w, https:\/\/www.ampservices.fi\/wp-content\/uploads\/2022\/09\/angning-4-768x512.jpg 768w\" sizes=\"(max-width: 1300px) 100vw, 1300px\" \/><\/p><p style=\"text-align: left;\"><em>H\u00f6yrytetty ja puhdistettu tuulivoimaperustus valmiina asennust\u00f6it\u00e4 varten.<\/em><\/p><h3>9) Haluaisitko lis\u00e4t\u00e4 viel\u00e4 jotakin?<\/h3><p>\u2013 Olen eritt\u00e4in tyytyv\u00e4inen AMP-yrityksen ty\u00f6nj\u00e4lkeen, eik\u00e4 minulla ole mit\u00e4\u00e4n negatiivista sanottavaa. He ovat yst\u00e4v\u00e4llisi\u00e4, avoimia ja hyvi\u00e4 yhteisty\u00f6kumppaneita.<\/p><p><em><strong>Huom! Teht\u00e4v\u00e4n suorittamisen aikana yritys k\u00e4ytti nime\u00e4 Ammattipojat. Vuonna 2022 muutimme yhti\u00f6n nimen AMP Services Ab Oy:ksi ja tuotemerkin AMP:ksi.<\/strong><\/em><\/p>\t\t\t\t\t\t\t\t<\/div>\n\t\t\t\t<\/div>\n\t\t\t\t<div class=\"elementor-element elementor-element-d1886aa elementor-widget elementor-widget-spacer\" data-id=\"d1886aa\" data-element_type=\"widget\" data-e-type=\"widget\" data-widget_type=\"spacer.default\">\n\t\t\t\t<div class=\"elementor-widget-container\">\n\t\t\t\t\t\t\t<div class=\"elementor-spacer\">\n\t\t\t<div class=\"elementor-spacer-inner\"><\/div>\n\t\t<\/div>\n\t\t\t\t\t\t<\/div>\n\t\t\t\t<\/div>\n\t\t\t\t\t<\/div>\n\t\t<\/div>\n\t\t\t\t\t<\/div>\n\t\t<\/section>\n\t\t\t\t<\/div>\n\t\t","protected":false},"excerpt":{"rendered":"<p>Case TUULIVOIMAPERUSTOJEN JA OSIEN J\u00c4\u00c4NPOISTUS 1) Voitko kertoa hieman kuka olet, ja ty\u00f6st\u00e4 Mutkalammin tuulivoimapuistossa? \u2013 Olen Jimmy Nielsen, ja ty\u00f6skentelen Site Managerina t\u00e4\u00e4ll\u00e4 Vestaksen tuulivoimapuistossa Mutkalammilla. Vestas rakentaa 69 tuulivoimaturbiinia asiakkaallemme NEON:ille t\u00e4\u00e4ll\u00e4 Mutkalammilla, ja meill\u00e4 on vastuu koko projektista. T\u00e4m\u00e4 on ensimm\u00e4inen kerta, kun toimimme n\u00e4in isolla mittakaavalla. Vestas vastaa koko tuulivoimalasta, me &#8230; <a title=\"H\u00f6yrytys Vestaksen tuulivoimapuistossa Pohjanmaan Mutkalammilla, Suomi\" class=\"read-more\" href=\"https:\/\/www.ampservices.fi\/fi\/teollisuusyritykset\/asiakastarinat\/hoyrytys-vestaksen-tuulivoimapuistossa-pohjanmaan-mutkalammilla-suomi\/\" aria-label=\"Lue lis\u00e4\u00e4 aiheesta H\u00f6yrytys Vestaksen tuulivoimapuistossa Pohjanmaan Mutkalammilla, Suomi\">Lue lis\u00e4\u00e4<\/a><\/p>\n","protected":false},"author":1,"featured_media":0,"parent":2577,"menu_order":0,"comment_status":"closed","ping_status":"closed","template":"elementor_header_footer","meta":{"footnotes":""},"class_list":["post-5577","page","type-page","status-publish"],"_links":{"self":[{"href":"https:\/\/www.ampservices.fi\/fi\/wp-json\/wp\/v2\/pages\/5577","targetHints":{"allow":["GET"]}}],"collection":[{"href":"https:\/\/www.ampservices.fi\/fi\/wp-json\/wp\/v2\/pages"}],"about":[{"href":"https:\/\/www.ampservices.fi\/fi\/wp-json\/wp\/v2\/types\/page"}],"author":[{"embeddable":true,"href":"https:\/\/www.ampservices.fi\/fi\/wp-json\/wp\/v2\/users\/1"}],"replies":[{"embeddable":true,"href":"https:\/\/www.ampservices.fi\/fi\/wp-json\/wp\/v2\/comments?post=5577"}],"version-history":[{"count":0,"href":"https:\/\/www.ampservices.fi\/fi\/wp-json\/wp\/v2\/pages\/5577\/revisions"}],"up":[{"embeddable":true,"href":"https:\/\/www.ampservices.fi\/fi\/wp-json\/wp\/v2\/pages\/2577"}],"wp:attachment":[{"href":"https:\/\/www.ampservices.fi\/fi\/wp-json\/wp\/v2\/media?parent=5577"}],"curies":[{"name":"wp","href":"https:\/\/api.w.org\/{rel}","templated":true}]}}