{"id":5502,"date":"2024-11-24T18:14:04","date_gmt":"2024-11-24T18:14:04","guid":{"rendered":"https:\/\/www.ampservices.fi\/web2\/?page_id=5502"},"modified":"2024-12-02T07:12:19","modified_gmt":"2024-12-02T07:12:19","slug":"kattopalvelu-anderssoneille-suomessa","status":"publish","type":"page","link":"https:\/\/www.ampservices.fi\/fi\/yksityishenkilot\/asiakastarinat\/kattopalvelu-anderssoneille-suomessa\/","title":{"rendered":"Kattopalvelu Anderssoneille Suomessa"},"content":{"rendered":"\t\t<div data-elementor-type=\"wp-page\" data-elementor-id=\"5502\" class=\"elementor elementor-5502 elementor-5134\" data-elementor-post-type=\"page\">\n\t\t\t\t\t\t<section data-particle_enable=\"false\" data-particle-mobile-disabled=\"false\" class=\"elementor-section elementor-top-section elementor-element elementor-element-24eb507 elementor-section-full_width elementor-section-height-min-height elementor-section-height-default elementor-section-items-middle\" data-id=\"24eb507\" data-element_type=\"section\" data-e-type=\"section\" data-settings=\"{&quot;background_background&quot;:&quot;classic&quot;}\">\n\t\t\t\t\t\t<div class=\"elementor-container elementor-column-gap-default\">\n\t\t\t\t\t<div class=\"elementor-column elementor-col-100 elementor-top-column elementor-element elementor-element-ea57ee2\" data-id=\"ea57ee2\" data-element_type=\"column\" data-e-type=\"column\">\n\t\t\t<div class=\"elementor-widget-wrap elementor-element-populated\">\n\t\t\t\t\t\t<div class=\"elementor-element elementor-element-4788b31 elementor-widget elementor-widget-heading\" data-id=\"4788b31\" data-element_type=\"widget\" data-e-type=\"widget\" data-widget_type=\"heading.default\">\n\t\t\t\t<div class=\"elementor-widget-container\">\n\t\t\t\t\t<h2 class=\"elementor-heading-title elementor-size-default\">Case<\/h2>\t\t\t\t<\/div>\n\t\t\t\t<\/div>\n\t\t\t\t<div class=\"elementor-element elementor-element-781de1a elementor-widget elementor-widget-theme-post-title elementor-page-title elementor-widget-heading\" data-id=\"781de1a\" data-element_type=\"widget\" data-e-type=\"widget\" data-widget_type=\"theme-post-title.default\">\n\t\t\t\t<div class=\"elementor-widget-container\">\n\t\t\t\t\t<h1 class=\"elementor-heading-title elementor-size-default\">Kattopalvelu Anderssoneille Suomessa<\/h1>\t\t\t\t<\/div>\n\t\t\t\t<\/div>\n\t\t\t\t\t<\/div>\n\t\t<\/div>\n\t\t\t\t\t<\/div>\n\t\t<\/section>\n\t\t\t\t<section data-particle_enable=\"false\" data-particle-mobile-disabled=\"false\" class=\"elementor-section elementor-top-section elementor-element elementor-element-6069b241 elementor-section-boxed elementor-section-height-default elementor-section-height-default\" data-id=\"6069b241\" data-element_type=\"section\" data-e-type=\"section\">\n\t\t\t\t\t\t<div class=\"elementor-container elementor-column-gap-default\">\n\t\t\t\t\t<div class=\"elementor-column elementor-col-100 elementor-top-column elementor-element elementor-element-97e5543\" data-id=\"97e5543\" data-element_type=\"column\" data-e-type=\"column\">\n\t\t\t<div class=\"elementor-widget-wrap elementor-element-populated\">\n\t\t\t\t\t\t<div class=\"elementor-element elementor-element-478db12d elementor-widget elementor-widget-spacer\" data-id=\"478db12d\" data-element_type=\"widget\" data-e-type=\"widget\" data-widget_type=\"spacer.default\">\n\t\t\t\t<div class=\"elementor-widget-container\">\n\t\t\t\t\t\t\t<div class=\"elementor-spacer\">\n\t\t\t<div class=\"elementor-spacer-inner\"><\/div>\n\t\t<\/div>\n\t\t\t\t\t\t<\/div>\n\t\t\t\t<\/div>\n\t\t\t\t<div class=\"elementor-element elementor-element-bae1603 elementor-align-start elementor-icon-list--layout-traditional elementor-list-item-link-full_width elementor-widget elementor-widget-icon-list\" data-id=\"bae1603\" data-element_type=\"widget\" data-e-type=\"widget\" data-widget_type=\"icon-list.default\">\n\t\t\t\t<div class=\"elementor-widget-container\">\n\t\t\t\t\t\t\t<ul class=\"elementor-icon-list-items\">\n\t\t\t\t\t\t\t<li class=\"elementor-icon-list-item\">\n\t\t\t\t\t\t\t\t\t\t\t<span class=\"elementor-icon-list-icon\">\n\t\t\t\t\t\t\t<i aria-hidden=\"true\" class=\"fas fa-chevron-right\"><\/i>\t\t\t\t\t\t<\/span>\n\t\t\t\t\t\t\t\t\t\t<span class=\"elementor-icon-list-text\">KATTOJEN PESU JA MAALAUS<\/span>\n\t\t\t\t\t\t\t\t\t<\/li>\n\t\t\t\t\t\t<\/ul>\n\t\t\t\t\t\t<\/div>\n\t\t\t\t<\/div>\n\t\t\t\t<div class=\"elementor-element elementor-element-26694d1 elementor-widget elementor-widget-text-editor\" data-id=\"26694d1\" data-element_type=\"widget\" data-e-type=\"widget\" data-widget_type=\"text-editor.default\">\n\t\t\t\t<div class=\"elementor-widget-container\">\n\t\t\t\t\t\t\t\t\t<h3>Mik\u00e4 on nimesi ja miss\u00e4 asut?<\/h3><p>\u2013 Nimeni on S\u00f6ren Andersson. Asun Helsingiss\u00e4, mutta kattoprojekti toteutettiin lapsuudenkodissani Bosundissa, jossa \u00e4itini asuu edelleen.<\/p><h3>Kerro meille talosta ja sijainnista, jossa se sijaitsee!<\/h3><p>\u2013 Talo on iso omakotitalo, jossa iso autotallirakennus ulkona maalla, joka sijaitsee avoimella alueella ja on hyvin n\u00e4kyviss\u00e4 kaikilta l\u00e4hiteilt\u00e4.<\/p><h3>Kuinka kauan olet asunut t\u00e4\u00e4ll\u00e4?<\/h3><p>\u2013 Itse asuin talossa noin 7 vuotta nuorempana. \u00c4itini on asunut siell\u00e4 30 vuotta.<\/p><p><img fetchpriority=\"high\" decoding=\"async\" class=\"alignnone wp-image-801 size-full\" src=\"https:\/\/www.ampservices.fi\/wp-content\/uploads\/2022\/09\/taktvatt-1.jpg\" alt=\"\" width=\"1771\" height=\"1181\" srcset=\"https:\/\/www.ampservices.fi\/wp-content\/uploads\/2022\/09\/taktvatt-1.jpg 1771w, https:\/\/www.ampservices.fi\/wp-content\/uploads\/2022\/09\/taktvatt-1-300x200.jpg 300w, https:\/\/www.ampservices.fi\/wp-content\/uploads\/2022\/09\/taktvatt-1-1024x683.jpg 1024w, https:\/\/www.ampservices.fi\/wp-content\/uploads\/2022\/09\/taktvatt-1-768x512.jpg 768w, https:\/\/www.ampservices.fi\/wp-content\/uploads\/2022\/09\/taktvatt-1-1536x1024.jpg 1536w\" sizes=\"(max-width: 1771px) 100vw, 1771px\" \/><\/p><p style=\"text-align: left;\"><em>Omakotitalon tiilikatto on saamassa suuren kasvojenkohotuksen sek\u00e4 kattopesun, tiilipannojen vaihdon ett\u00e4 kattomaalauksen my\u00f6t\u00e4.<\/em><\/p><h3>Milloin ja miten huomasit, ett\u00e4 katolle pit\u00e4\u00e4 tehd\u00e4 jotain?<\/h3><p>\u2013 Talon tiilitiilikatto on n\u00e4ytt\u00e4nyt huonommalta muutaman vuoden, mutta mik\u00e4\u00e4n ei vaatinut isompia toimenpiteit\u00e4. Autotallirakennuksen metallikatto on ollut huonossa kunnossa monta vuotta ja se olisi pit\u00e4nyt korjata vuosia sitten.<\/p><h3>Mist\u00e4 kuulit Ammattipojasta?<\/h3><p>\u2013 Er\u00e4s sukulainen mainitsi Ammatti pojat, kun vuosi tai pari sitten nousi keskusteluun jokin muu talon remontti.<\/p><h3>Miksi valitsit ne?<\/h3><p>\u2013 Ammattipojat valittiin, koska ne olivat l\u00e4hell\u00e4.<\/p><h3>Mink\u00e4 palvelun valitsit?<\/h3><p>\u2013 P\u00e4\u00e4timme pest\u00e4 ja maalata molemmat katot. Tiilikatolle levitettiin my\u00f6s kerros sammaltappajaa. Lis\u00e4ksi muutama rikkin\u00e4inen tiilikattila vaihdettiin tarvittaessa.<\/p><p><img decoding=\"async\" class=\"alignnone wp-image-802 size-full\" src=\"https:\/\/www.ampservices.fi\/wp-content\/uploads\/2022\/09\/taktvatt-2.jpg\" alt=\"\" width=\"1771\" height=\"1181\" srcset=\"https:\/\/www.ampservices.fi\/wp-content\/uploads\/2022\/09\/taktvatt-2.jpg 1771w, https:\/\/www.ampservices.fi\/wp-content\/uploads\/2022\/09\/taktvatt-2-300x200.jpg 300w, https:\/\/www.ampservices.fi\/wp-content\/uploads\/2022\/09\/taktvatt-2-1024x683.jpg 1024w, https:\/\/www.ampservices.fi\/wp-content\/uploads\/2022\/09\/taktvatt-2-768x512.jpg 768w, https:\/\/www.ampservices.fi\/wp-content\/uploads\/2022\/09\/taktvatt-2-1536x1024.jpg 1536w\" sizes=\"(max-width: 1771px) 100vw, 1771px\" \/><\/p><p style=\"text-align: left;\"><em>Ammatipojat varmistaa ennen maalausta, ett\u00e4 katto on ehj\u00e4, puhdas ja siisti.<\/em><\/p><h3>Milloin projekti alkoi ja p\u00e4\u00e4ttyi?<\/h3><p>\u2013 Hanke alkoi 17.6.2021 ja p\u00e4\u00e4ttyi 30.7.2021. Projekti olisi voitu saada valmiiksi aikaisemminkin, mutta sateinen s\u00e4\u00e4 johti noin viikon tauon pesun ja maalauksen v\u00e4liin.<\/p><p><img decoding=\"async\" class=\"alignnone wp-image-803 size-full\" src=\"https:\/\/www.ampservices.fi\/wp-content\/uploads\/2022\/09\/taktvatt-3.jpg\" alt=\"\" width=\"1771\" height=\"1181\" srcset=\"https:\/\/www.ampservices.fi\/wp-content\/uploads\/2022\/09\/taktvatt-3.jpg 1771w, https:\/\/www.ampservices.fi\/wp-content\/uploads\/2022\/09\/taktvatt-3-300x200.jpg 300w, https:\/\/www.ampservices.fi\/wp-content\/uploads\/2022\/09\/taktvatt-3-1024x683.jpg 1024w, https:\/\/www.ampservices.fi\/wp-content\/uploads\/2022\/09\/taktvatt-3-768x512.jpg 768w, https:\/\/www.ampservices.fi\/wp-content\/uploads\/2022\/09\/taktvatt-3-1536x1024.jpg 1536w\" sizes=\"(max-width: 1771px) 100vw, 1771px\" \/><\/p><p style=\"text-align: left;\"><em>Ammattipojalle on t\u00e4rke\u00e4\u00e4, ett\u00e4 talon ikkunat peitet\u00e4\u00e4n ja turvallisuusm\u00e4\u00e4r\u00e4yksi\u00e4 noudatetaan ennen varsinaisen maalausty\u00f6n aloittamista.<\/em><\/p><h3>Miten kuvailisit Ammattipoikien tapaa ty\u00f6skennell\u00e4?<\/h3><p>\u2013 Ammattimaisesti! Kaikki selitettiin yksityiskohtaisesti etuk\u00e4teen ja tehtiin kuten oli selitetty.<\/p><h3>Kenelle suosittelisit Ammattipoikien kattopalveluita?<\/h3><p>\u2013 Suosittelen Ammattipoikien kattopalveluita kaikille, joilla on katto pesun\/maalauksen tarpeessa.<\/p><p><img loading=\"lazy\" decoding=\"async\" class=\"alignnone wp-image-804 size-full\" src=\"https:\/\/www.ampservices.fi\/wp-content\/uploads\/2022\/09\/taktvatt-4.jpg\" alt=\"\" width=\"1771\" height=\"1181\" srcset=\"https:\/\/www.ampservices.fi\/wp-content\/uploads\/2022\/09\/taktvatt-4.jpg 1771w, https:\/\/www.ampservices.fi\/wp-content\/uploads\/2022\/09\/taktvatt-4-300x200.jpg 300w, https:\/\/www.ampservices.fi\/wp-content\/uploads\/2022\/09\/taktvatt-4-1024x683.jpg 1024w, https:\/\/www.ampservices.fi\/wp-content\/uploads\/2022\/09\/taktvatt-4-768x512.jpg 768w, https:\/\/www.ampservices.fi\/wp-content\/uploads\/2022\/09\/taktvatt-4-1536x1024.jpg 1536w\" sizes=\"(max-width: 1771px) 100vw, 1771px\" \/><\/p><p style=\"text-align: left;\"><em>Ammatipojat maalaa tiilikatot kahdella kierroksella. Ensin ruiskutetaan ohuempi kerros maalia ja sitten paksumpi kerros, joka antaa sile\u00e4n ja hienon pinnan. T\u00e4ss\u00e4 Lennart Snellman viimeistelee Anderssonin katon.<\/em><\/p><h3>Onko sinulla muuta lis\u00e4tt\u00e4v\u00e4\u00e4?<\/h3><p>\u2013 Olen eritt\u00e4in tyytyv\u00e4inen projektin tulokseen!<\/p><p><strong><em>Huom! Teht\u00e4v\u00e4n suorittamisen aikana yritys k\u00e4ytti nime\u00e4 Ammattipojat. Vuonna 2022 muutimme yhti\u00f6n nimen AMP Services Ab Oy:ksi ja tuotemerkin AMP:ksi<\/em><\/strong><\/p>\t\t\t\t\t\t\t\t<\/div>\n\t\t\t\t<\/div>\n\t\t\t\t<div class=\"elementor-element elementor-element-1098889a elementor-widget elementor-widget-spacer\" data-id=\"1098889a\" data-element_type=\"widget\" data-e-type=\"widget\" data-widget_type=\"spacer.default\">\n\t\t\t\t<div class=\"elementor-widget-container\">\n\t\t\t\t\t\t\t<div class=\"elementor-spacer\">\n\t\t\t<div class=\"elementor-spacer-inner\"><\/div>\n\t\t<\/div>\n\t\t\t\t\t\t<\/div>\n\t\t\t\t<\/div>\n\t\t\t\t\t<\/div>\n\t\t<\/div>\n\t\t\t\t\t<\/div>\n\t\t<\/section>\n\t\t\t\t<\/div>\n\t\t","protected":false},"excerpt":{"rendered":"<p>Case KATTOJEN PESU JA MAALAUS Mik\u00e4 on nimesi ja miss\u00e4 asut? \u2013 Nimeni on S\u00f6ren Andersson. Asun Helsingiss\u00e4, mutta kattoprojekti toteutettiin lapsuudenkodissani Bosundissa, jossa \u00e4itini asuu edelleen. Kerro meille talosta ja sijainnista, jossa se sijaitsee! \u2013 Talo on iso omakotitalo, jossa iso autotallirakennus ulkona maalla, joka sijaitsee avoimella alueella ja on hyvin n\u00e4kyviss\u00e4 kaikilta l\u00e4hiteilt\u00e4. &#8230; <a title=\"Kattopalvelu Anderssoneille Suomessa\" class=\"read-more\" href=\"https:\/\/www.ampservices.fi\/fi\/yksityishenkilot\/asiakastarinat\/kattopalvelu-anderssoneille-suomessa\/\" aria-label=\"Lue lis\u00e4\u00e4 aiheesta Kattopalvelu Anderssoneille Suomessa\">Lue lis\u00e4\u00e4<\/a><\/p>\n","protected":false},"author":1,"featured_media":0,"parent":5448,"menu_order":0,"comment_status":"closed","ping_status":"closed","template":"elementor_header_footer","meta":{"footnotes":""},"class_list":["post-5502","page","type-page","status-publish"],"_links":{"self":[{"href":"https:\/\/www.ampservices.fi\/fi\/wp-json\/wp\/v2\/pages\/5502","targetHints":{"allow":["GET"]}}],"collection":[{"href":"https:\/\/www.ampservices.fi\/fi\/wp-json\/wp\/v2\/pages"}],"about":[{"href":"https:\/\/www.ampservices.fi\/fi\/wp-json\/wp\/v2\/types\/page"}],"author":[{"embeddable":true,"href":"https:\/\/www.ampservices.fi\/fi\/wp-json\/wp\/v2\/users\/1"}],"replies":[{"embeddable":true,"href":"https:\/\/www.ampservices.fi\/fi\/wp-json\/wp\/v2\/comments?post=5502"}],"version-history":[{"count":0,"href":"https:\/\/www.ampservices.fi\/fi\/wp-json\/wp\/v2\/pages\/5502\/revisions"}],"up":[{"embeddable":true,"href":"https:\/\/www.ampservices.fi\/fi\/wp-json\/wp\/v2\/pages\/5448"}],"wp:attachment":[{"href":"https:\/\/www.ampservices.fi\/fi\/wp-json\/wp\/v2\/media?parent=5502"}],"curies":[{"name":"wp","href":"https:\/\/api.w.org\/{rel}","templated":true}]}}