{"id":5486,"date":"2024-11-24T18:10:15","date_gmt":"2024-11-24T18:10:15","guid":{"rendered":"https:\/\/www.ampservices.fi\/web2\/?page_id=5486"},"modified":"2024-12-02T06:21:17","modified_gmt":"2024-12-02T06:21:17","slug":"angtjanst-angning-pa-byggplats-i-pedersore-finland","status":"publish","type":"page","link":"https:\/\/www.ampservices.fi\/fi\/yksityishenkilot\/asiakastarinat\/angtjanst-angning-pa-byggplats-i-pedersore-finland\/","title":{"rendered":"H\u00f6yrytys rakennusty\u00f6maalla Peders\u00f6ress\u00e4, Suomi"},"content":{"rendered":"\t\t<div data-elementor-type=\"wp-page\" data-elementor-id=\"5486\" class=\"elementor elementor-5486 elementor-5124\" data-elementor-post-type=\"page\">\n\t\t\t\t\t\t<section data-particle_enable=\"false\" data-particle-mobile-disabled=\"false\" class=\"elementor-section elementor-top-section elementor-element elementor-element-24eb507 elementor-section-full_width elementor-section-height-min-height elementor-section-height-default elementor-section-items-middle\" data-id=\"24eb507\" data-element_type=\"section\" data-e-type=\"section\" data-settings=\"{&quot;background_background&quot;:&quot;classic&quot;}\">\n\t\t\t\t\t\t<div class=\"elementor-container elementor-column-gap-default\">\n\t\t\t\t\t<div class=\"elementor-column elementor-col-100 elementor-top-column elementor-element elementor-element-ea57ee2\" data-id=\"ea57ee2\" data-element_type=\"column\" data-e-type=\"column\">\n\t\t\t<div class=\"elementor-widget-wrap elementor-element-populated\">\n\t\t\t\t\t\t<div class=\"elementor-element elementor-element-4788b31 elementor-widget elementor-widget-heading\" data-id=\"4788b31\" data-element_type=\"widget\" data-e-type=\"widget\" data-widget_type=\"heading.default\">\n\t\t\t\t<div class=\"elementor-widget-container\">\n\t\t\t\t\t<h2 class=\"elementor-heading-title elementor-size-default\">Case<\/h2>\t\t\t\t<\/div>\n\t\t\t\t<\/div>\n\t\t\t\t<div class=\"elementor-element elementor-element-781de1a elementor-widget elementor-widget-theme-post-title elementor-page-title elementor-widget-heading\" data-id=\"781de1a\" data-element_type=\"widget\" data-e-type=\"widget\" data-widget_type=\"theme-post-title.default\">\n\t\t\t\t<div class=\"elementor-widget-container\">\n\t\t\t\t\t<h1 class=\"elementor-heading-title elementor-size-default\">H\u00f6yrytys rakennusty\u00f6maalla Peders\u00f6ress\u00e4, Suomi<\/h1>\t\t\t\t<\/div>\n\t\t\t\t<\/div>\n\t\t\t\t\t<\/div>\n\t\t<\/div>\n\t\t\t\t\t<\/div>\n\t\t<\/section>\n\t\t\t\t<section data-particle_enable=\"false\" data-particle-mobile-disabled=\"false\" class=\"elementor-section elementor-top-section elementor-element elementor-element-6069b241 elementor-section-boxed elementor-section-height-default elementor-section-height-default\" data-id=\"6069b241\" data-element_type=\"section\" data-e-type=\"section\">\n\t\t\t\t\t\t<div class=\"elementor-container elementor-column-gap-default\">\n\t\t\t\t\t<div class=\"elementor-column elementor-col-100 elementor-top-column elementor-element elementor-element-97e5543\" data-id=\"97e5543\" data-element_type=\"column\" data-e-type=\"column\">\n\t\t\t<div class=\"elementor-widget-wrap elementor-element-populated\">\n\t\t\t\t\t\t<div class=\"elementor-element elementor-element-478db12d elementor-widget elementor-widget-spacer\" data-id=\"478db12d\" data-element_type=\"widget\" data-e-type=\"widget\" data-widget_type=\"spacer.default\">\n\t\t\t\t<div class=\"elementor-widget-container\">\n\t\t\t\t\t\t\t<div class=\"elementor-spacer\">\n\t\t\t<div class=\"elementor-spacer-inner\"><\/div>\n\t\t<\/div>\n\t\t\t\t\t\t<\/div>\n\t\t\t\t<\/div>\n\t\t\t\t<div class=\"elementor-element elementor-element-bae1603 elementor-align-start elementor-icon-list--layout-traditional elementor-list-item-link-full_width elementor-widget elementor-widget-icon-list\" data-id=\"bae1603\" data-element_type=\"widget\" data-e-type=\"widget\" data-widget_type=\"icon-list.default\">\n\t\t\t\t<div class=\"elementor-widget-container\">\n\t\t\t\t\t\t\t<ul class=\"elementor-icon-list-items\">\n\t\t\t\t\t\t\t<li class=\"elementor-icon-list-item\">\n\t\t\t\t\t\t\t\t\t\t\t<span class=\"elementor-icon-list-icon\">\n\t\t\t\t\t\t\t<i aria-hidden=\"true\" class=\"fas fa-chevron-right\"><\/i>\t\t\t\t\t\t<\/span>\n\t\t\t\t\t\t\t\t\t\t<span class=\"elementor-icon-list-text\">LUMEN JA J\u00c4\u00c4N POISTAMINEN RAKENTAMISALALLE<\/span>\n\t\t\t\t\t\t\t\t\t<\/li>\n\t\t\t\t\t\t<\/ul>\n\t\t\t\t\t\t<\/div>\n\t\t\t\t<\/div>\n\t\t\t\t<div class=\"elementor-element elementor-element-26694d1 elementor-widget elementor-widget-text-editor\" data-id=\"26694d1\" data-element_type=\"widget\" data-e-type=\"widget\" data-widget_type=\"text-editor.default\">\n\t\t\t\t<div class=\"elementor-widget-container\">\n\t\t\t\t\t\t\t\t\t<h3>1) Millainen toimeksianto oli kyseess\u00e4 ja kenelle suorititte sen?<\/h3><p>\u2013 Jake Rakennus Bygg Ab Oy rakentaa uusia tuotantotiloja Fresh Ab:lle Peders\u00f6ress\u00e4 Pohjanmaalla. Rakentamisen aikana oli katon p\u00e4\u00e4lle ja r\u00e4yst\u00e4skouruihin kertynyt paksu kerros j\u00e4\u00e4t\u00e4. Lunta ja j\u00e4\u00e4t\u00e4 oli my\u00f6s kierreportaiden valumuoteissa.<\/p><h3>2) Mik\u00e4 haaste asiakkaalla oli?<\/h3><p>\u2013 Katolla ja r\u00e4yst\u00e4skouruissa oleva j\u00e4\u00e4 esti rakentajia tekem\u00e4st\u00e4 ty\u00f6t\u00e4\u00e4n, sek\u00e4 hidasti rakentamisen pysymisen suunnitellussa aikataulussa. Valumuoteissa oleva lumi ja j\u00e4\u00e4 teki valamisen vaikeaksi.<\/p><h3>3) Miten ratkaisitte ongelmat?<\/h3><p>\u2013 Sulatimme katolta pois kaiken j\u00e4\u00e4n h\u00f6yryll\u00e4, niin ett\u00e4 rakentaminen ja katon valmistuminen saattoi jatkua. H\u00f6yrytimme pois my\u00f6s kaiken lumen ja j\u00e4\u00e4n valumuoteista, niin ett\u00e4 valaminen saattoi my\u00f6s jatkua suunnitelmien mukaan.<\/p><h3>4) Kuka AMP:lta hoiti t\u00e4m\u00e4n toimeksinannon?<\/h3><p>\u2013 Alexander Bj\u00f6rkskog hoiti t\u00e4m\u00e4n ty\u00f6teht\u00e4v\u00e4n hymy huulillaan.<\/p><h3>5) Milloin h\u00f6yrytys toteutettiin?<\/h3><p>\u2013 9.3.2022.<\/p><p><img fetchpriority=\"high\" decoding=\"async\" class=\"alignnone wp-image-822\" src=\"https:\/\/www.ampservices.fi\/wp-content\/uploads\/2022\/09\/angning-5.jpg\" alt=\"\" width=\"1300\" height=\"867\" srcset=\"https:\/\/www.ampservices.fi\/wp-content\/uploads\/2022\/09\/angning-5.jpg 1200w, https:\/\/www.ampservices.fi\/wp-content\/uploads\/2022\/09\/angning-5-300x200.jpg 300w, https:\/\/www.ampservices.fi\/wp-content\/uploads\/2022\/09\/angning-5-1024x683.jpg 1024w, https:\/\/www.ampservices.fi\/wp-content\/uploads\/2022\/09\/angning-5-768x512.jpg 768w\" sizes=\"(max-width: 1300px) 100vw, 1300px\" \/><\/p><p><img decoding=\"async\" class=\"alignnone wp-image-823\" src=\"https:\/\/www.ampservices.fi\/wp-content\/uploads\/2022\/09\/angning-6.jpg\" alt=\"\" width=\"1300\" height=\"867\" srcset=\"https:\/\/www.ampservices.fi\/wp-content\/uploads\/2022\/09\/angning-6.jpg 1200w, https:\/\/www.ampservices.fi\/wp-content\/uploads\/2022\/09\/angning-6-300x200.jpg 300w, https:\/\/www.ampservices.fi\/wp-content\/uploads\/2022\/09\/angning-6-1024x683.jpg 1024w, https:\/\/www.ampservices.fi\/wp-content\/uploads\/2022\/09\/angning-6-768x512.jpg 768w\" sizes=\"(max-width: 1300px) 100vw, 1300px\" \/><\/p><p><img decoding=\"async\" class=\"alignnone wp-image-825\" src=\"https:\/\/www.ampservices.fi\/wp-content\/uploads\/2022\/09\/angning-7.jpg\" alt=\"\" width=\"1300\" height=\"867\" srcset=\"https:\/\/www.ampservices.fi\/wp-content\/uploads\/2022\/09\/angning-7.jpg 1200w, https:\/\/www.ampservices.fi\/wp-content\/uploads\/2022\/09\/angning-7-300x200.jpg 300w, https:\/\/www.ampservices.fi\/wp-content\/uploads\/2022\/09\/angning-7-1024x683.jpg 1024w, https:\/\/www.ampservices.fi\/wp-content\/uploads\/2022\/09\/angning-7-768x512.jpg 768w\" sizes=\"(max-width: 1300px) 100vw, 1300px\" \/><\/p><p><em><strong>Huom! Teht\u00e4v\u00e4n suorittamisen aikana yritys k\u00e4ytti nime\u00e4 Ammattipojat. Vuonna 2022 muutimme yhti\u00f6n nimen AMP Services Ab Oy:ksi ja tuotemerkin AMP:ksi.<\/strong><\/em><\/p>\t\t\t\t\t\t\t\t<\/div>\n\t\t\t\t<\/div>\n\t\t\t\t<div class=\"elementor-element elementor-element-1098889a elementor-widget elementor-widget-spacer\" data-id=\"1098889a\" data-element_type=\"widget\" data-e-type=\"widget\" data-widget_type=\"spacer.default\">\n\t\t\t\t<div class=\"elementor-widget-container\">\n\t\t\t\t\t\t\t<div class=\"elementor-spacer\">\n\t\t\t<div class=\"elementor-spacer-inner\"><\/div>\n\t\t<\/div>\n\t\t\t\t\t\t<\/div>\n\t\t\t\t<\/div>\n\t\t\t\t\t<\/div>\n\t\t<\/div>\n\t\t\t\t\t<\/div>\n\t\t<\/section>\n\t\t\t\t<\/div>\n\t\t","protected":false},"excerpt":{"rendered":"<p>Case LUMEN JA J\u00c4\u00c4N POISTAMINEN RAKENTAMISALALLE 1) Millainen toimeksianto oli kyseess\u00e4 ja kenelle suorititte sen? \u2013 Jake Rakennus Bygg Ab Oy rakentaa uusia tuotantotiloja Fresh Ab:lle Peders\u00f6ress\u00e4 Pohjanmaalla. Rakentamisen aikana oli katon p\u00e4\u00e4lle ja r\u00e4yst\u00e4skouruihin kertynyt paksu kerros j\u00e4\u00e4t\u00e4. Lunta ja j\u00e4\u00e4t\u00e4 oli my\u00f6s kierreportaiden valumuoteissa. 2) Mik\u00e4 haaste asiakkaalla oli? \u2013 Katolla ja r\u00e4yst\u00e4skouruissa &#8230; <a title=\"H\u00f6yrytys rakennusty\u00f6maalla Peders\u00f6ress\u00e4, Suomi\" class=\"read-more\" href=\"https:\/\/www.ampservices.fi\/fi\/yksityishenkilot\/asiakastarinat\/angtjanst-angning-pa-byggplats-i-pedersore-finland\/\" aria-label=\"Lue lis\u00e4\u00e4 aiheesta H\u00f6yrytys rakennusty\u00f6maalla Peders\u00f6ress\u00e4, Suomi\">Lue lis\u00e4\u00e4<\/a><\/p>\n","protected":false},"author":1,"featured_media":0,"parent":5448,"menu_order":0,"comment_status":"closed","ping_status":"closed","template":"elementor_header_footer","meta":{"footnotes":""},"class_list":["post-5486","page","type-page","status-publish"],"_links":{"self":[{"href":"https:\/\/www.ampservices.fi\/fi\/wp-json\/wp\/v2\/pages\/5486","targetHints":{"allow":["GET"]}}],"collection":[{"href":"https:\/\/www.ampservices.fi\/fi\/wp-json\/wp\/v2\/pages"}],"about":[{"href":"https:\/\/www.ampservices.fi\/fi\/wp-json\/wp\/v2\/types\/page"}],"author":[{"embeddable":true,"href":"https:\/\/www.ampservices.fi\/fi\/wp-json\/wp\/v2\/users\/1"}],"replies":[{"embeddable":true,"href":"https:\/\/www.ampservices.fi\/fi\/wp-json\/wp\/v2\/comments?post=5486"}],"version-history":[{"count":0,"href":"https:\/\/www.ampservices.fi\/fi\/wp-json\/wp\/v2\/pages\/5486\/revisions"}],"up":[{"embeddable":true,"href":"https:\/\/www.ampservices.fi\/fi\/wp-json\/wp\/v2\/pages\/5448"}],"wp:attachment":[{"href":"https:\/\/www.ampservices.fi\/fi\/wp-json\/wp\/v2\/media?parent=5486"}],"curies":[{"name":"wp","href":"https:\/\/api.w.org\/{rel}","templated":true}]}}